{"id":87,"date":"2019-10-12T22:23:47","date_gmt":"2019-10-12T22:23:47","guid":{"rendered":"http:\/\/wordpress.heimatverein-hauenhorst.de\/?page_id=87"},"modified":"2020-06-01T18:12:48","modified_gmt":"2020-06-01T18:12:48","slug":"remise-deupmann","status":"publish","type":"page","link":"https:\/\/www.heimatverein-hauenhorst.de\/?page_id=87","title":{"rendered":"Remise Deupmann"},"content":{"rendered":"\n<p>Im Jahr 2006 wurde die alte Fachwerkremise, die wie alle Geb\u00e4ude auf der Heimathausanlage aus der benachbarten Bauerschaft Catenhorn stammt, vom Hof Deupmann zum Dorfplatz versetzt und das Ensemble historischer Geb\u00e4ude weiter erg\u00e4nzt. Genutzt wird sie f\u00fcr die Unterbringung der gro\u00dfen landwirtschaftlichen Ger\u00e4te.<\/p>\n\n\n\n<p>Bereits Anfang Mai war die Kappscheune\ndurch Mitglieder des Vereins abgebaut und zum Dorfplatz transportiert worden.\nIm Juli erfolgte der erste Spatenstich zum Wiederaufbau. Aufbauleiter\nFranz-Josef Volkert hatte mit Zimmermann Rolf B\u00fccker Ende Oktober gute\nVorarbeit geleistet. Das Aufstellen der kompletten Fachwerkr\u00fcckwand inklusive\nSt\u00e4nder, Riegeln und Pfette zeigte bereits, welche Dimensionen die k\u00fcnftige\nKappscheune haben w\u00fcrde. Kurz vor Sonnenuntergang am ersten Tag standen bereits\ndie Seiten- und Mittelteile mit den m\u00e4chtigen, \u00fcber f\u00fcnf Meter hohen\nHauptpfosten.<\/p>\n\n\n\n<p>Der folgende Donnerstag begann\nmit schwerer Arbeit. Die massive, zw\u00f6lf Meter lange Firstpfette fand \u2013 nach\ngenauem Einpassen \u2013 ihren Platz fast sechs Meter \u00fcber dem Boden. Mit vereinten\nKr\u00e4ften setzten Andreas und Josef Galle, Florian Stegemann, Paul L\u00f6ckemann,\nMichael Volkert und Rolf B\u00fccker au\u00dferdem sieben von f\u00fcnfzehn Sparren aus neuem\nHolz auf. Nach weiteren f\u00fcnf Stunden pr\u00e4sentierte sich der fast komplette\nHolzrohbau, dem am n\u00e4chsten Tag die Montage des Schirm\u00fcberbaus folgen sollte.\nNachdem am Freitagmorgen die entsprechenden H\u00f6lzer ordnungsgem\u00e4\u00df verzimmert den\nrichtigen Platz hatten, konnten die beteiligten Helfer feststellen, dass die\nVerbindung des alten Holzes mit dem neu verarbeitetem Bauholz gut gelungen war.\nAu\u00dferdem harmonierten die Gr\u00f6\u00dfenverh\u00e4ltnisse der alten\/neuen Remise mit den\nbereits stehenden Geb\u00e4uden auf dem Grundst\u00fcck. Um dem Charakter der alten,\nabgerissenen Remise gerechter zu werden, schlugen die Helfer noch viele\nHolzn\u00e4gel in das Balkengef\u00fcge ein.<\/p>\n\n\n\n<p>Im Januar 2007 wurde das Fachwerk\nausgemauert, in den folgenden Jahren ein Boden eingebaut sowie unterschiedliche\nEbenen f\u00fcr die Lagerungen der unterschiedlichsten Ger\u00e4tschaften eingezogen.<\/p>\n","protected":false},"excerpt":{"rendered":"<p>Im Jahr 2006 wurde die alte Fachwerkremise, die wie alle Geb\u00e4ude auf der Heimathausanlage aus der benachbarten Bauerschaft Catenhorn stammt, vom Hof Deupmann zum Dorfplatz versetzt und das Ensemble historischer Geb\u00e4ude weiter erg\u00e4nzt. Genutzt wird sie f\u00fcr die Unterbringung der <a class=\"more-link\" href=\"https:\/\/www.heimatverein-hauenhorst.de\/?page_id=87\">Weiterlesen\u00a0\u2026<\/a><\/p>\n","protected":false},"author":1,"featured_media":143,"parent":71,"menu_order":6,"comment_status":"closed","ping_status":"closed","template":"","meta":{"ngg_post_thumbnail":0,"footnotes":""},"class_list":["post-87","page","type-page","status-publish","has-post-thumbnail","hentry"],"_links":{"self":[{"href":"https:\/\/www.heimatverein-hauenhorst.de\/index.php?rest_route=\/wp\/v2\/pages\/87","targetHints":{"allow":["GET"]}}],"collection":[{"href":"https:\/\/www.heimatverein-hauenhorst.de\/index.php?rest_route=\/wp\/v2\/pages"}],"about":[{"href":"https:\/\/www.heimatverein-hauenhorst.de\/index.php?rest_route=\/wp\/v2\/types\/page"}],"author":[{"embeddable":true,"href":"https:\/\/www.heimatverein-hauenhorst.de\/index.php?rest_route=\/wp\/v2\/users\/1"}],"replies":[{"embeddable":true,"href":"https:\/\/www.heimatverein-hauenhorst.de\/index.php?rest_route=%2Fwp%2Fv2%2Fcomments&post=87"}],"version-history":[{"count":3,"href":"https:\/\/www.heimatverein-hauenhorst.de\/index.php?rest_route=\/wp\/v2\/pages\/87\/revisions"}],"predecessor-version":[{"id":124,"href":"https:\/\/www.heimatverein-hauenhorst.de\/index.php?rest_route=\/wp\/v2\/pages\/87\/revisions\/124"}],"up":[{"embeddable":true,"href":"https:\/\/www.heimatverein-hauenhorst.de\/index.php?rest_route=\/wp\/v2\/pages\/71"}],"wp:featuredmedia":[{"embeddable":true,"href":"https:\/\/www.heimatverein-hauenhorst.de\/index.php?rest_route=\/wp\/v2\/media\/143"}],"wp:attachment":[{"href":"https:\/\/www.heimatverein-hauenhorst.de\/index.php?rest_route=%2Fwp%2Fv2%2Fmedia&parent=87"}],"curies":[{"name":"wp","href":"https:\/\/api.w.org\/{rel}","templated":true}]}}