{"id":85,"date":"2019-10-12T22:17:20","date_gmt":"2019-10-12T22:17:20","guid":{"rendered":"http:\/\/wordpress.heimatverein-hauenhorst.de\/?page_id=85"},"modified":"2020-06-01T18:12:30","modified_gmt":"2020-06-01T18:12:30","slug":"schuppen-oortmann","status":"publish","type":"page","link":"https:\/\/www.heimatverein-hauenhorst.de\/?page_id=85","title":{"rendered":"Schuppen Oortmann"},"content":{"rendered":"\n<p>Der Schuppen Oortmann diente am alten \nStandort auf dem Hof Oortmann lange als Schweinestall und sp\u00e4ter als \nLager f\u00fcr alte Ger\u00e4tschaften des Heimatvereins. Er wurde dort 1997 \nabgetragen und hat am Dorfplatz seit 1999 einen neuen Standort erhalten.\n Die Giebelseiten wurden neu verbrettert, Fenster eingesetzt und das \nEichenfachwerk bekam einen neuen Farbanstrich.<\/p>\n\n\n\n<p>An dem Neuaufbau war ma\u00dfgeblich die damals aktive Jugendgruppe unter der Leitung von<br>Christian Preu\u00df und Mirko Hagemann beteiligt.<\/p>\n\n\n\n<p>Heute dient der Schuppen als Lagerraum f\u00fcr diverse Ger\u00e4tschaften und Theaterkulissen.<\/p>\n","protected":false},"excerpt":{"rendered":"<p>Der Schuppen Oortmann diente am alten Standort auf dem Hof Oortmann lange als Schweinestall und sp\u00e4ter als Lager f\u00fcr alte Ger\u00e4tschaften des Heimatvereins. Er wurde dort 1997 abgetragen und hat am Dorfplatz seit 1999 einen neuen Standort erhalten. Die Giebelseiten <a class=\"more-link\" href=\"https:\/\/www.heimatverein-hauenhorst.de\/?page_id=85\">Weiterlesen\u00a0\u2026<\/a><\/p>\n","protected":false},"author":1,"featured_media":144,"parent":71,"menu_order":5,"comment_status":"closed","ping_status":"closed","template":"","meta":{"ngg_post_thumbnail":0,"footnotes":""},"class_list":["post-85","page","type-page","status-publish","has-post-thumbnail","hentry"],"_links":{"self":[{"href":"https:\/\/www.heimatverein-hauenhorst.de\/index.php?rest_route=\/wp\/v2\/pages\/85","targetHints":{"allow":["GET"]}}],"collection":[{"href":"https:\/\/www.heimatverein-hauenhorst.de\/index.php?rest_route=\/wp\/v2\/pages"}],"about":[{"href":"https:\/\/www.heimatverein-hauenhorst.de\/index.php?rest_route=\/wp\/v2\/types\/page"}],"author":[{"embeddable":true,"href":"https:\/\/www.heimatverein-hauenhorst.de\/index.php?rest_route=\/wp\/v2\/users\/1"}],"replies":[{"embeddable":true,"href":"https:\/\/www.heimatverein-hauenhorst.de\/index.php?rest_route=%2Fwp%2Fv2%2Fcomments&post=85"}],"version-history":[{"count":1,"href":"https:\/\/www.heimatverein-hauenhorst.de\/index.php?rest_route=\/wp\/v2\/pages\/85\/revisions"}],"predecessor-version":[{"id":86,"href":"https:\/\/www.heimatverein-hauenhorst.de\/index.php?rest_route=\/wp\/v2\/pages\/85\/revisions\/86"}],"up":[{"embeddable":true,"href":"https:\/\/www.heimatverein-hauenhorst.de\/index.php?rest_route=\/wp\/v2\/pages\/71"}],"wp:featuredmedia":[{"embeddable":true,"href":"https:\/\/www.heimatverein-hauenhorst.de\/index.php?rest_route=\/wp\/v2\/media\/144"}],"wp:attachment":[{"href":"https:\/\/www.heimatverein-hauenhorst.de\/index.php?rest_route=%2Fwp%2Fv2%2Fmedia&parent=85"}],"curies":[{"name":"wp","href":"https:\/\/api.w.org\/{rel}","templated":true}]}}