{"id":83,"date":"2019-10-12T22:15:41","date_gmt":"2019-10-12T22:15:41","guid":{"rendered":"http:\/\/wordpress.heimatverein-hauenhorst.de\/?page_id=83"},"modified":"2020-06-01T18:11:42","modified_gmt":"2020-06-01T18:11:42","slug":"hueerhues-loeckemann","status":"publish","type":"page","link":"https:\/\/www.heimatverein-hauenhorst.de\/?page_id=83","title":{"rendered":"H\u00fcerhues L\u00f6ckemann"},"content":{"rendered":"\n<p>Auf dem Gel\u00e4nde des Heimatvereins wurde im Fr\u00fchjahr 2003 ein weiteres  historisches Geb\u00e4ude fertiggestellt, das &#8220;H\u00fcrhues L\u00f6ckemann&#8221;. Wie so  oft zuvor war auch dieses Geb\u00e4ude im Jahr 1987 von der damaligen  Jugendgruppe des Vereins unter der Leitung des inzwischen verstorbenen  Bernhard Laackman vom Hof des Landwirts L\u00f6ckemann in Catenhorn  abgetragen und in Hauenhorst am Dorfplatz eingelagert worden.<\/p>\n\n\n\n<p>Durch  Zufall kam im Jahr 2000 das Vorstandsmitglied Franz- Josef Volkert mit  dem Leiter der Bauma\u00dfnahme am Heimathaus Hovesaat, Rolf B\u00fccker ins  Gespr\u00e4ch. Sie unterhielten sich \u00fcber den Wiederaufbau historischer  Geb\u00e4ude, dabei erinnerte sich Volkert an die alte Scheune, die noch  immer zerlegt am Dorfplatz lagerte. B\u00fccker deutete M\u00f6glichkeiten an, mit  welchen Hilfen ein Geb\u00e4ude dieser Art wieder aufgebaut werden k\u00f6nnte.  Weitere intensive Gespr\u00e4che zwischen dem Heimatverein und offiziellen  Stellen folgten. Es ergab sich, dass das Berufsfortbildungswerk, eine  gemeinn\u00fctzige Bildungseinrichtung des DGB, dem Antrag des Heimatvereins  zum Wiederaufbau der Scheune L\u00f6ckemann zustimmte.<br> Das  Berufsfortbildungswerk f\u00fchrte im Auftrag von Kooperationspartnern, bei  diesem Projekt der Kreis Steinfurt, Umschulungsma\u00dfnahmen zur  Qualifizierung durch, um Sozialhilfeempf\u00e4nger wieder in das Berufsleben  zu integrieren. Die Finanzierung wurde aus dem Europ\u00e4ischen Sozialfond  zur F\u00f6rderung strukturschwacher Gebiete erm\u00f6glicht. Der Heimatverein  stellte das eingelagerte Geb\u00e4ude zur Verf\u00fcgung.<\/p>\n\n\n\n<p>Die Materialkosten wurden ebenfalls durch den Verein, bezuschusst \ndurch die Stadt Rheine, aufgebracht. Im Herbst 2001 wurden am Dorfplatz \ndie Fundamente gegossen und mit dem Wiederaufbau begonnen.<br>Vierzehn\n Sozialhilfeempf\u00e4nger f\u00fchrten unter fachlicher Leitung von \nHandwerksmeistern alle Restaurierungsarbeiten im Bereich des Hochbaus \naus. Die Ma\u00dfnahme ist auf ein Jahr begrenzt.<\/p>\n\n\n\n<p>Der Heimatverein ist dankbar und freut sich sehr, mit Hilfe und \nUnterst\u00fctzung aller beteiligter Stellen einen historisch wertvollen Bau \nder Heimathausanlage angliedern zu k\u00f6nnen. Das umgesetzte Haus \nerm\u00f6glicht es, die Aktivit\u00e4ten des Vereins besser auf verschiedene \nR\u00e4umlichkeiten zu verteilen.<br> Weil das H\u00fcrhues L\u00f6ckemann mit Heizung,\n einer kleinen K\u00fcche und sanit\u00e4ren Anlagen ausgestattet ist, wird sie \nvielf\u00e4ltig genutzt, zun\u00e4chst durch die Spinngruppe. Weitere \nNutzungsm\u00f6glichkeiten sind bereits geplant.<\/p>\n","protected":false},"excerpt":{"rendered":"<p>Auf dem Gel\u00e4nde des Heimatvereins wurde im Fr\u00fchjahr 2003 ein weiteres historisches Geb\u00e4ude fertiggestellt, das &#8220;H\u00fcrhues L\u00f6ckemann&#8221;. Wie so oft zuvor war auch dieses Geb\u00e4ude im Jahr 1987 von der damaligen Jugendgruppe des Vereins unter der Leitung des inzwischen verstorbenen <a class=\"more-link\" href=\"https:\/\/www.heimatverein-hauenhorst.de\/?page_id=83\">Weiterlesen\u00a0\u2026<\/a><\/p>\n","protected":false},"author":1,"featured_media":141,"parent":71,"menu_order":4,"comment_status":"closed","ping_status":"closed","template":"","meta":{"ngg_post_thumbnail":0,"footnotes":""},"class_list":["post-83","page","type-page","status-publish","has-post-thumbnail","hentry"],"_links":{"self":[{"href":"https:\/\/www.heimatverein-hauenhorst.de\/index.php?rest_route=\/wp\/v2\/pages\/83","targetHints":{"allow":["GET"]}}],"collection":[{"href":"https:\/\/www.heimatverein-hauenhorst.de\/index.php?rest_route=\/wp\/v2\/pages"}],"about":[{"href":"https:\/\/www.heimatverein-hauenhorst.de\/index.php?rest_route=\/wp\/v2\/types\/page"}],"author":[{"embeddable":true,"href":"https:\/\/www.heimatverein-hauenhorst.de\/index.php?rest_route=\/wp\/v2\/users\/1"}],"replies":[{"embeddable":true,"href":"https:\/\/www.heimatverein-hauenhorst.de\/index.php?rest_route=%2Fwp%2Fv2%2Fcomments&post=83"}],"version-history":[{"count":2,"href":"https:\/\/www.heimatverein-hauenhorst.de\/index.php?rest_route=\/wp\/v2\/pages\/83\/revisions"}],"predecessor-version":[{"id":122,"href":"https:\/\/www.heimatverein-hauenhorst.de\/index.php?rest_route=\/wp\/v2\/pages\/83\/revisions\/122"}],"up":[{"embeddable":true,"href":"https:\/\/www.heimatverein-hauenhorst.de\/index.php?rest_route=\/wp\/v2\/pages\/71"}],"wp:featuredmedia":[{"embeddable":true,"href":"https:\/\/www.heimatverein-hauenhorst.de\/index.php?rest_route=\/wp\/v2\/media\/141"}],"wp:attachment":[{"href":"https:\/\/www.heimatverein-hauenhorst.de\/index.php?rest_route=%2Fwp%2Fv2%2Fmedia&parent=83"}],"curies":[{"name":"wp","href":"https:\/\/api.w.org\/{rel}","templated":true}]}}