{"id":81,"date":"2019-10-12T22:12:47","date_gmt":"2019-10-12T22:12:47","guid":{"rendered":"http:\/\/wordpress.heimatverein-hauenhorst.de\/?page_id=81"},"modified":"2020-06-01T20:34:49","modified_gmt":"2020-06-01T20:34:49","slug":"backhaus-berninghoff","status":"publish","type":"page","link":"https:\/\/www.heimatverein-hauenhorst.de\/?page_id=81","title":{"rendered":"Backhaus Berninghoff"},"content":{"rendered":"\n<p>Das Backhaus auf dem Gel\u00e4nde des \nHeimatvereins Hauenhorst\/Catenhorn ist das \u00e4lteste Geb\u00e4ude der \nhistorischen Hofanlage. Bereits in Unterlagen, die \u00fcber 200 Jahre alt \nsind, wurde es als fr\u00fchere Catenhorner Schule erw\u00e4hnt. Auch diente es in\n dieser Zeit schon als Backhaus mit einem seltenen Doppelbackofen. In \nden letzten Jahren vor der Umsetzung an den heutigen Standort wurde als \nPferdeunterstand genutzt. Im Jahr 1988 trugen die Mitglieder des \nHeimatvereins und der vereinseigenen Jugendgruppe das Geb\u00e4ude unter \nfachm\u00e4nnischer Anleitung ab. Es wurde zun\u00e4chst am Dorfplatz in \nHauenhorst eingelagert und im Jahr 1989 wieder aufgebaut. Dabei konnte \nder Verein wieder auf seine Mitglieder z\u00e4hlen, denn nur mit dieser \ntatkr\u00e4ftigen Unterst\u00fctzung gelang die Rekonstruktion des Hauses. In den \nJahren 2009 &#8211; 2010 wurden die beiden \u00d6fen des Hauses wieder \noriginalgetreu nachgebaut, nachdem im Jahr 2008 ein Ofengew\u00f6lbe \nzusammengebrochen war.<\/p>\n","protected":false},"excerpt":{"rendered":"<p>Das Backhaus auf dem Gel\u00e4nde des Heimatvereins Hauenhorst\/Catenhorn ist das \u00e4lteste Geb\u00e4ude der historischen Hofanlage. Bereits in Unterlagen, die \u00fcber 200 Jahre alt sind, wurde es als fr\u00fchere Catenhorner Schule erw\u00e4hnt. Auch diente es in dieser Zeit schon als Backhaus <a class=\"more-link\" href=\"https:\/\/www.heimatverein-hauenhorst.de\/?page_id=81\">Weiterlesen\u00a0\u2026<\/a><\/p>\n","protected":false},"author":1,"featured_media":140,"parent":71,"menu_order":3,"comment_status":"closed","ping_status":"closed","template":"","meta":{"ngg_post_thumbnail":0,"footnotes":""},"class_list":["post-81","page","type-page","status-publish","has-post-thumbnail","hentry"],"_links":{"self":[{"href":"https:\/\/www.heimatverein-hauenhorst.de\/index.php?rest_route=\/wp\/v2\/pages\/81","targetHints":{"allow":["GET"]}}],"collection":[{"href":"https:\/\/www.heimatverein-hauenhorst.de\/index.php?rest_route=\/wp\/v2\/pages"}],"about":[{"href":"https:\/\/www.heimatverein-hauenhorst.de\/index.php?rest_route=\/wp\/v2\/types\/page"}],"author":[{"embeddable":true,"href":"https:\/\/www.heimatverein-hauenhorst.de\/index.php?rest_route=\/wp\/v2\/users\/1"}],"replies":[{"embeddable":true,"href":"https:\/\/www.heimatverein-hauenhorst.de\/index.php?rest_route=%2Fwp%2Fv2%2Fcomments&post=81"}],"version-history":[{"count":1,"href":"https:\/\/www.heimatverein-hauenhorst.de\/index.php?rest_route=\/wp\/v2\/pages\/81\/revisions"}],"predecessor-version":[{"id":82,"href":"https:\/\/www.heimatverein-hauenhorst.de\/index.php?rest_route=\/wp\/v2\/pages\/81\/revisions\/82"}],"up":[{"embeddable":true,"href":"https:\/\/www.heimatverein-hauenhorst.de\/index.php?rest_route=\/wp\/v2\/pages\/71"}],"wp:featuredmedia":[{"embeddable":true,"href":"https:\/\/www.heimatverein-hauenhorst.de\/index.php?rest_route=\/wp\/v2\/media\/140"}],"wp:attachment":[{"href":"https:\/\/www.heimatverein-hauenhorst.de\/index.php?rest_route=%2Fwp%2Fv2%2Fmedia&parent=81"}],"curies":[{"name":"wp","href":"https:\/\/api.w.org\/{rel}","templated":true}]}}