{"id":75,"date":"2019-10-12T22:07:00","date_gmt":"2019-10-12T22:07:00","guid":{"rendered":"http:\/\/wordpress.heimatverein-hauenhorst.de\/?page_id=75"},"modified":"2020-06-01T20:35:22","modified_gmt":"2020-06-01T20:35:22","slug":"koetterhaus-storm","status":"publish","type":"page","link":"https:\/\/www.heimatverein-hauenhorst.de\/?page_id=75","title":{"rendered":"K\u00f6tterhaus Storm"},"content":{"rendered":"\n<p><strong>Sehr geehrte G\u00e4ste,<br>der Heimatverein Hauenhorst\/Catenhorn e.V. begr\u00fc\u00dft Sie in seinem  historischen K\u00f6tterhaus. Es wurde am 23.09.1994 eingeweiht und wird  seitdem als Heimathaus genutzt.<\/strong><\/p>\n\n\n\n<p><strong>K\u00f6tterhaus von 1830<\/strong><br>Das K\u00f6tterhaus, errichtet um 1830, stand  urspr\u00fcnglich in der Bauerschaft Catenhorn auf dem Hof Storm, ca. 2 km  vom heutigen Standort entfernt. In seiner Urform war das K\u00f6tterhaus ein  Vier-St\u00e4nder-Fachwerkbau von 14 m x 11,50 m, wie er im ehemaligen Amt  Rheine im 18. und bis weit ins 19. Jahrhundert \u00fcblich war. Erst 1873 erweiterte der damalige  Eigent\u00fcmer, der Landwirt Wiegers, den Fachwerkbau um ein Wohnhaus von  7,50 m L\u00e4nge, und zwar als Backsteinbau.<\/p>\n\n\n\n<p><strong>Das Fachwerkhaus<\/strong><br>Eine Au\u00dfenbesichtigung l\u00e4\u00dft die beiden  Bauk\u00f6rper und vor allem die Konstruktion des Fachwerkbaus deutlich  werden. M\u00e4chtige Sandsteinquader, die <em>Plinten<\/em>, bilden die Grundmauern. Darauf steht das Fachwerk aus  Eichenholz, dessen F\u00e4cher mit Backsteinen ausgemauert sind. Als M\u00f6rtel  wurde der bew\u00e4hrte Baumberger Kalk verwendet, der sich N\u00e4sse und  Trockenheit gut anpassen kann. So werden Fugenrisse zwischen der  Backsteinausfachung und dem Fachwerk weitgehend vermieden. Durch die kleinen Holzt\u00fcren bzw. &#8211;  Klappen wurden die Viehst\u00e4lle entmistet. Als Speicher f\u00fcr das  ungedroschene Getreide diente fr\u00fcher der Dachboden, dessen Satteldach  mit Hohlziegeln eingedeckt ist, die auf Strohdocken liegen. Zuk\u00fcnftig sollen auf dem Dachboden historische b\u00e4uerliche Gebrauchsgegenst\u00e4nde gelagert bzw. ausgestellt werden. <\/p>\n\n\n\n<p><strong>Auf der Tenne: Pi\u00e4r- und Kohsiete<\/strong><br>Durch das Dielentor an der n\u00f6rdlichen Giebelseite betritt man den Wirtschaftsteil des Hauses, die <em>Diele<\/em> bzw. <em>Tenne<\/em>. Damit man den Raum besser nutzen kann,  sind alle fr\u00fcheren Stalleinbauten und sonstige Unterteilungen entfernt  worden. Urspr\u00fcnglich lebten Mensch und Tier auf der <em>Tenne<\/em> zusammen. <br> Die rechte Seite war die <em>Pi\u00e4rsiete<\/em>, also die Pferdeseite, und die linke die <em>Kohsiete<\/em>,  die Kuhseite. An die St\u00e4lle schlossen sich f\u00fcr Knechte und M\u00e4gde  Schlafkammern an, die im Winter durch die W\u00e4rme aus den nahen St\u00e4llen  leicht temperiert wurden. In gr\u00f6\u00dferen Bauernh\u00e4usern fand die Tenne ihren Abschlu\u00df in der Mittelkammer, wo z.B. Milch zu Butter verarbeitet wurde. <\/p>\n\n\n\n<p><strong>Im Westf\u00e4lischen Himmel<\/strong>  <br>Den Mittelpunkt des Wohnteiles bildete die K\u00fcche mit dem <em>Flett<\/em>, dem offenen Herdfeuer, dessen Rauch durch den Rauchfang bzw. <em>Bosen<\/em> in den Kamin abzog. Im <em>Bosen<\/em>, dem <em>Westf\u00e4lischen Himmel<\/em> hingen Speckseiten, Schinken und W\u00fcrste, die durch Feuer und Rauch haltbar und schmackhaft wurden. Das Herdfeuer des  Heimathauses geh\u00f6rt nicht zum Originalbestand des Stormschen  K\u00f6tterhauses, sondern stammt vom Hof Heckmann in Catenhorn. Rechts und links vom Herdfeuer liegen drei R\u00e4ume, die heute als K\u00fcche oder Versammlungsraum genutzt werden. <\/p>\n\n\n\n<p><strong>Upkammer und Keller<\/strong><br>In der Mitte des 1873 angebauten Backsteinhauses befindet sich ein besonderer Raum, die <em>Upkammer<\/em>. Sie war der eigentliche Wohnraum f\u00fcr die ganze Familie, da au\u00dfer der Flettk\u00fcche die <em>Upkammer<\/em> der einzige Raum im Hause war, der beheizt werden konnte. Die <em>Upkammer<\/em> bzw. <em>Aufkammer<\/em> liegt deutlich h\u00f6her als die anderen R\u00e4ume; denn unter ihr befindet sich ein Kriechkeller als Vorratsraum u.a. f\u00fcr Kartoffeln. &nbsp; Ein Heimathaus f\u00fcr alle Das Heimathaus kann von allen Vereinen,  Institutionen und Gemeinschaften genutzt werden, jedoch nicht f\u00fcr  private Feiern. Ein Werkraum f\u00fcr die Jugendarbeit, Sanit\u00e4ranlagen und  andere R\u00e4ume liegen im Kellergescho\u00df.<\/p>\n\n\n\n<p>Wir w\u00fcnschen Ihnen ein paar sch\u00f6ne Stunden bei uns im Heimathaus Hauenhorst. Heimatverein Hauenhorst\/Catenhorn e.V.&nbsp; &#8220;Unser Dorf soll sch\u00f6ner werden!&#8221; <\/p>\n\n\n\n<p><strong>Der Vorstand<\/strong><\/p>\n\n\n\n<p><\/p>\n","protected":false},"excerpt":{"rendered":"<p>Sehr geehrte G\u00e4ste,der Heimatverein Hauenhorst\/Catenhorn e.V. begr\u00fc\u00dft Sie in seinem historischen K\u00f6tterhaus. Es wurde am 23.09.1994 eingeweiht und wird seitdem als Heimathaus genutzt. K\u00f6tterhaus von 1830Das K\u00f6tterhaus, errichtet um 1830, stand urspr\u00fcnglich in der Bauerschaft Catenhorn auf dem Hof Storm, <a class=\"more-link\" href=\"https:\/\/www.heimatverein-hauenhorst.de\/?page_id=75\">Weiterlesen\u00a0\u2026<\/a><\/p>\n","protected":false},"author":1,"featured_media":142,"parent":71,"menu_order":2,"comment_status":"closed","ping_status":"closed","template":"","meta":{"ngg_post_thumbnail":0,"footnotes":""},"class_list":["post-75","page","type-page","status-publish","has-post-thumbnail","hentry"],"_links":{"self":[{"href":"https:\/\/www.heimatverein-hauenhorst.de\/index.php?rest_route=\/wp\/v2\/pages\/75","targetHints":{"allow":["GET"]}}],"collection":[{"href":"https:\/\/www.heimatverein-hauenhorst.de\/index.php?rest_route=\/wp\/v2\/pages"}],"about":[{"href":"https:\/\/www.heimatverein-hauenhorst.de\/index.php?rest_route=\/wp\/v2\/types\/page"}],"author":[{"embeddable":true,"href":"https:\/\/www.heimatverein-hauenhorst.de\/index.php?rest_route=\/wp\/v2\/users\/1"}],"replies":[{"embeddable":true,"href":"https:\/\/www.heimatverein-hauenhorst.de\/index.php?rest_route=%2Fwp%2Fv2%2Fcomments&post=75"}],"version-history":[{"count":6,"href":"https:\/\/www.heimatverein-hauenhorst.de\/index.php?rest_route=\/wp\/v2\/pages\/75\/revisions"}],"predecessor-version":[{"id":109,"href":"https:\/\/www.heimatverein-hauenhorst.de\/index.php?rest_route=\/wp\/v2\/pages\/75\/revisions\/109"}],"up":[{"embeddable":true,"href":"https:\/\/www.heimatverein-hauenhorst.de\/index.php?rest_route=\/wp\/v2\/pages\/71"}],"wp:featuredmedia":[{"embeddable":true,"href":"https:\/\/www.heimatverein-hauenhorst.de\/index.php?rest_route=\/wp\/v2\/media\/142"}],"wp:attachment":[{"href":"https:\/\/www.heimatverein-hauenhorst.de\/index.php?rest_route=%2Fwp%2Fv2%2Fmedia&parent=75"}],"curies":[{"name":"wp","href":"https:\/\/api.w.org\/{rel}","templated":true}]}}