{"id":71,"date":"2019-10-12T21:58:05","date_gmt":"2019-10-12T21:58:05","guid":{"rendered":"http:\/\/wordpress.heimatverein-hauenhorst.de\/?page_id=71"},"modified":"2020-08-09T19:47:02","modified_gmt":"2020-08-09T17:47:02","slug":"heimathausanlage","status":"publish","type":"page","link":"https:\/\/www.heimatverein-hauenhorst.de\/?page_id=71","title":{"rendered":"Heimathausanlage"},"content":{"rendered":"\n<p>Seit 1989 wurde die Heimathausanlage in Hauenhorst am Dorfplatz \nerrichtet. Wir stellen hier die einzelnen Geb\u00e4ude mit einigen Bildern \nvor. Alle Geb\u00e4ude stammen aus der benachbarten Bauerschaft Catenhorn.<\/p>\n\n\n\n<p><a href=\"http:\/\/www.heimatverein-hauenhorst.de\/heimathausanlage\/koetterhaus-storm\">Heimathaus &#8211; K\u00f6tterhaus Storm<\/a><br>Das Haupthaus unserer Anlage wurde 1994 er\u00f6ffnet.<\/p>\n\n\n\n<p><a href=\"http:\/\/www.heimatverein-hauenhorst.de\/heimathausanlage\/backhaus-berninghoff\">Backhaus Berninghoff<\/a><br>Das Backhaus ist mit einem in unserer Region sehr seltenen Doppelbackofen ausgestattet.<\/p>\n\n\n\n<p><a href=\"http:\/\/www.heimatverein-hauenhorst.de\/heimathausanlage\/hueerhues-loeckemann\">H\u00fcerhues L\u00f6ckemann<\/a><br>Das H\u00fcerhues bietet Raum f\u00fcr kleinere Gruppen. Hier hat u.a. ein Fotoclub eine Tagungsm\u00f6glichkeit.<\/p>\n\n\n\n<p><a href=\"http:\/\/www.heimatverein-hauenhorst.de\/heimathausanlage\/schuppen-oortmann\">Schuppen Oortmann<\/a><br>Die Scheune ist Unterstellm\u00f6glichkeit f\u00fcr viele Ger\u00e4tschaften.<\/p>\n\n\n\n<p><a href=\"http:\/\/www.heimatverein-hauenhorst.de\/heimathausanlage\/remise-deupmann\">Remise Deupmann<\/a><br>In der Remise finden sich viele historische Ackerger\u00e4te.<\/p>\n\n\n\n<p><a href=\"http:\/\/www.heimatverein-hauenhorst.de\/heimathausanlage\/fahrradremise\">Fahrradremise<\/a><br>Nach dem Brand im Backhaus wurde die Fahrradremise am Standort eines damaligen Abdachs erbaut.<\/p>\n\n\n\n<p><a href=\"http:\/\/wordpress.heimatverein-hauenhorst.de\/heimathausanlage\/fahrradremise\">Insektenhotel und Blumenwiese<\/a><br>Im Rahmen des Stadtteilwettbewerbs wurde am Backhaus ein Insektenhotel mit Blumenwiese errichtet.<\/p>\n\n\n\n<p><a href=\"http:\/\/www.heimatverein-hauenhorst.de\/heimathausanlage\/vereinsgelaende\">Vereinsgel\u00e4nde<\/a><br>Auf dieser Google-Maps \u00dcbersicht sehen Sie alle Geb\u00e4ude am Standort in der Dorfmitte von Hauenhorst.<\/p>\n","protected":false},"excerpt":{"rendered":"<p>Seit 1989 wurde die Heimathausanlage in Hauenhorst am Dorfplatz errichtet. Wir stellen hier die einzelnen Geb\u00e4ude mit einigen Bildern vor. Alle Geb\u00e4ude stammen aus der benachbarten Bauerschaft Catenhorn. Heimathaus &#8211; K\u00f6tterhaus StormDas Haupthaus unserer Anlage wurde 1994 er\u00f6ffnet. Backhaus BerninghoffDas <a class=\"more-link\" href=\"https:\/\/www.heimatverein-hauenhorst.de\/?page_id=71\">Weiterlesen\u00a0\u2026<\/a><\/p>\n","protected":false},"author":1,"featured_media":0,"parent":0,"menu_order":4,"comment_status":"closed","ping_status":"closed","template":"","meta":{"ngg_post_thumbnail":0,"footnotes":""},"class_list":["post-71","page","type-page","status-publish","hentry"],"_links":{"self":[{"href":"https:\/\/www.heimatverein-hauenhorst.de\/index.php?rest_route=\/wp\/v2\/pages\/71","targetHints":{"allow":["GET"]}}],"collection":[{"href":"https:\/\/www.heimatverein-hauenhorst.de\/index.php?rest_route=\/wp\/v2\/pages"}],"about":[{"href":"https:\/\/www.heimatverein-hauenhorst.de\/index.php?rest_route=\/wp\/v2\/types\/page"}],"author":[{"embeddable":true,"href":"https:\/\/www.heimatverein-hauenhorst.de\/index.php?rest_route=\/wp\/v2\/users\/1"}],"replies":[{"embeddable":true,"href":"https:\/\/www.heimatverein-hauenhorst.de\/index.php?rest_route=%2Fwp%2Fv2%2Fcomments&post=71"}],"version-history":[{"count":6,"href":"https:\/\/www.heimatverein-hauenhorst.de\/index.php?rest_route=\/wp\/v2\/pages\/71\/revisions"}],"predecessor-version":[{"id":210,"href":"https:\/\/www.heimatverein-hauenhorst.de\/index.php?rest_route=\/wp\/v2\/pages\/71\/revisions\/210"}],"wp:attachment":[{"href":"https:\/\/www.heimatverein-hauenhorst.de\/index.php?rest_route=%2Fwp%2Fv2%2Fmedia&parent=71"}],"curies":[{"name":"wp","href":"https:\/\/api.w.org\/{rel}","templated":true}]}}