{"id":64,"date":"2019-10-12T19:16:21","date_gmt":"2019-10-12T19:16:21","guid":{"rendered":"http:\/\/wordpress.heimatverein-hauenhorst.de\/?page_id=64"},"modified":"2019-10-12T19:28:47","modified_gmt":"2019-10-12T19:28:47","slug":"ik-kueer-platt-du-auk-sprachkurs-plattdeutsch","status":"publish","type":"page","link":"https:\/\/www.heimatverein-hauenhorst.de\/?page_id=64","title":{"rendered":"Ik k\u00fcer Platt! Du auk? Sprachkurs Plattdeutsch"},"content":{"rendered":"\n<p>Das M\u00fcnsterl\u00e4nder Platt ist eine von vier Mundartgruppen im \nWestf\u00e4lischen. Bis zur Mitte des 20. Jahrhunderts wurde platt im \nM\u00fcnsterland meistens als erste Sprache (Muttersprache) erlernt. Als \nSprache des t\u00e4glichen Lebens wird es heute fast nur noch von der \nGeneration der vor 1945 Geborenen auf dem Lande verwandt. Eine \nWeitergabe an die j\u00fcngeren Generationen erfolgt praktisch nicht mehr, so\n dass die Sprache in ihrem Fortbestand bedroht ist.<\/p>\n\n\n\n<p>Doch immer mehr Erwachsene, Jugendliche und junge Leute entdecken das\n Plattdeutsch neu. Es ist eine Alternative zum mit englischen Worten \ndurchsetzten Hochdeutsch, es hat regionalen Bezug und man kann sich mit \nden Gro\u00dfeltern und Eltern gro\u00dfartig unterhalten. Mancher Witz entfaltet \nerst mit der plattdeutschen Sprache die richtige Pointe.<\/p>\n\n\n\n<p>Ausgearbeitet hat diesen Kurs Dr. Klaus-Werner Kahl aus Riesenbeck, \nder das Plattdeutsche seit mehr als 20 Jahren systematisch aufbereitet \nund auch die Kursleitung \u00fcbernehmen wird. Kahl schnitt einen Sprachkurs \nauf der Grundlage der 500 meistgebrauchten hochdeutschen W\u00f6rter zu. \nSpielerisch erlernen die Teilnehmer die silbenbasierte Schreibweise des \nPlattdeutschen, zum Beispiel mit beschrifteten Kronkorken. Zahlen und \ndie vier Grundrechenarten lassen sich beim W\u00fcrfelspiel einstudieren, die\n Uhrzeiten mit einer Wanduhr. Mit vielen Witzen und einigen Gedichten \nerlernen die Teilnehmer etwas f\u00fcr gesellige Stunden.<\/p>\n\n\n\n<p>Die Inhalte werden st\u00e4ndig weiterentwickelt, viele Anregungen und \nW\u00fcnsche der Teilnehmer aus den vergangenen vier Plattdeutsch-Kursen \nkonnten ber\u00fccksichtigt werden. So kann auf einen Vokabeltrainer im \nInternet zugegriffen werden, in dem die rund 1.000 W\u00f6rter des Kurses zur\n Verf\u00fcgung stehen. Viele vertonte Sprach\u00fcbungen sind ebenso wie die \n\u00dcbungsbl\u00e4tter im Internet unter www.plattdeutsch.net hinterlegt und \nbieten eine gro\u00dfe Hilfe zum Erlernen des Plattdeutschen.<\/p>\n\n\n\n<p>Ein Begleitbuch zum Sprachkurs \u201eIk k\u00fcer Platt! Du auk?\u201c gibt es f\u00fcr \njeden Teilnehmer. Auf 128 Seiten f\u00fchrt das farbige, \u00fcbersichtlich und \nansprechend gestaltete Werk in 16 Lektionen Schritt f\u00fcr Schritt vom \nLesen \u00fcber das Verstehen zum Sprechen und zum Schreiben nach zw\u00f6lf \neinfachen Regeln. In Rollen-Gespr\u00e4chen mit typischen Alltagssituationen \nzeigt es, wie man in der heutigen Zeit mit dem Plattdeutschen \nzurechtkommt. Zahlreiche plattdeutsche Witze, Redensarten und Spr\u00fcche \nentsch\u00e4digen aber vielfach f\u00fcr die \u201etrockene\u201c Materie. Im Anhang \nbefindet sich u.a. ein Wortregister mit den in dem Kurs verwendeten \nVokabeln.<\/p>\n","protected":false},"excerpt":{"rendered":"<p>Das M\u00fcnsterl\u00e4nder Platt ist eine von vier Mundartgruppen im Westf\u00e4lischen. Bis zur Mitte des 20. Jahrhunderts wurde platt im M\u00fcnsterland meistens als erste Sprache (Muttersprache) erlernt. Als Sprache des t\u00e4glichen Lebens wird es heute fast nur noch von der Generation <a class=\"more-link\" href=\"https:\/\/www.heimatverein-hauenhorst.de\/?page_id=64\">Weiterlesen\u00a0\u2026<\/a><\/p>\n","protected":false},"author":1,"featured_media":0,"parent":54,"menu_order":0,"comment_status":"closed","ping_status":"closed","template":"","meta":{"ngg_post_thumbnail":0,"footnotes":""},"class_list":["post-64","page","type-page","status-publish","hentry"],"_links":{"self":[{"href":"https:\/\/www.heimatverein-hauenhorst.de\/index.php?rest_route=\/wp\/v2\/pages\/64","targetHints":{"allow":["GET"]}}],"collection":[{"href":"https:\/\/www.heimatverein-hauenhorst.de\/index.php?rest_route=\/wp\/v2\/pages"}],"about":[{"href":"https:\/\/www.heimatverein-hauenhorst.de\/index.php?rest_route=\/wp\/v2\/types\/page"}],"author":[{"embeddable":true,"href":"https:\/\/www.heimatverein-hauenhorst.de\/index.php?rest_route=\/wp\/v2\/users\/1"}],"replies":[{"embeddable":true,"href":"https:\/\/www.heimatverein-hauenhorst.de\/index.php?rest_route=%2Fwp%2Fv2%2Fcomments&post=64"}],"version-history":[{"count":1,"href":"https:\/\/www.heimatverein-hauenhorst.de\/index.php?rest_route=\/wp\/v2\/pages\/64\/revisions"}],"predecessor-version":[{"id":65,"href":"https:\/\/www.heimatverein-hauenhorst.de\/index.php?rest_route=\/wp\/v2\/pages\/64\/revisions\/65"}],"up":[{"embeddable":true,"href":"https:\/\/www.heimatverein-hauenhorst.de\/index.php?rest_route=\/wp\/v2\/pages\/54"}],"wp:attachment":[{"href":"https:\/\/www.heimatverein-hauenhorst.de\/index.php?rest_route=%2Fwp%2Fv2%2Fmedia&parent=64"}],"curies":[{"name":"wp","href":"https:\/\/api.w.org\/{rel}","templated":true}]}}