{"id":60,"date":"2019-10-12T19:15:13","date_gmt":"2019-10-12T19:15:13","guid":{"rendered":"http:\/\/wordpress.heimatverein-hauenhorst.de\/?page_id=60"},"modified":"2025-03-24T21:20:44","modified_gmt":"2025-03-24T20:20:44","slug":"kinnerkes-kumm-jih-naoht-kaesken","status":"publish","type":"page","link":"https:\/\/www.heimatverein-hauenhorst.de\/?page_id=60","title":{"rendered":"Kinnerkes kumm jih naoht K\u00e4sken!"},"content":{"rendered":"\n<p>Mit einem neu aufgelegten B\u00fcchlein soll der Versuch unternommen \nwerden das K\u00e4skenspiel, einen alten Brauch unserer Heimat, wieder zu \nneuem Leben zu erwecken. Dieses Spiel, der \u00e4lteren Generation noch aus \nihrer Jugendzeit bestens bekannt, bei dem sich zu Einbruch der D\u00e4mmerung\n Kinder und Jugendliche eines Viertels um eine mit Blumen und Kerzen \ngeschm\u00fcckte Lichterpyramide, das K\u00e4sken, versammelte und mit Gesang und \nTanzspielen ein paar frohe Stunden zu verbringen.<br>Die fr\u00fcher beim \nK\u00e4skenspiel gesungenen Lider sind gr\u00f6\u00dftenteils nur m\u00fcndlich \u00fcberliefert.\n Entsprechende Noten sind so gut wie gar nicht vorhanden. Ebenso sind \ndie Abl\u00e4ufe der zu den Liedern geh\u00f6renden Reigenspiele kaum noch \nbekannt. Ein Umstand der viele, die das K\u00e4skenspiel wieder beleben \nwollten sofort wieder davon abhielt.<\/p>\n\n\n\n<p>F\u00fcr diese und alle anderen, die das alte Brauchtum des K\u00e4skenspiels \nwieder aufleben lassen wollen, ist dieses Buch gedacht. Es enth\u00e4lt \nnahezu alle Lieder und die Beschreibung der Spiele des traditionellen \nK\u00e4skenspiels, wie es von den heutigen Gro\u00dfv\u00e4tern und Gro\u00dfm\u00fcttern in \nIhrer Jugendzeit gespielt wurde.<\/p>\n\n\n\n<p>Zus\u00e4tzlich sind die Melodien der Lieder als mp3-Dateien hier eingestellt und stehen zum Download zur Verf\u00fcgung.<\/p>\n\n\n\n<p><a href=\"https:\/\/www.heimatverein-hauenhorst.de\/wp-content\/uploads\/2020\/09\/mp3-1.zip\">Download K\u00e4sken-Lieder<\/a> (20 MB).<br>(Entpackprogramm, z.B. WinZip erforderlich)<\/p>\n\n\n\n<p>Und nun, nur Mut. Besonders den Schulen und Kinderg\u00e4rten soll das \nB\u00fcchlein Hilfestellung geben einen alten Brauch unserer Heimat wieder zu\n beleben. Falls Sie noch Fragen zum K\u00e4skenspiel haben oder an dem Buch \ninteressiert sind, rufen Sie einfach bei&nbsp; Ludger Quiter, Tel 05971 &#8211; 1 \n05 53 an.<\/p>\n","protected":false},"excerpt":{"rendered":"<p>Mit einem neu aufgelegten B\u00fcchlein soll der Versuch unternommen werden das K\u00e4skenspiel, einen alten Brauch unserer Heimat, wieder zu neuem Leben zu erwecken. Dieses Spiel, der \u00e4lteren Generation noch aus ihrer Jugendzeit bestens bekannt, bei dem sich zu Einbruch der <a class=\"more-link\" href=\"https:\/\/www.heimatverein-hauenhorst.de\/?page_id=60\">Weiterlesen\u00a0\u2026<\/a><\/p>\n","protected":false},"author":1,"featured_media":0,"parent":54,"menu_order":0,"comment_status":"closed","ping_status":"closed","template":"","meta":{"ngg_post_thumbnail":0,"footnotes":""},"class_list":["post-60","page","type-page","status-publish","hentry"],"_links":{"self":[{"href":"https:\/\/www.heimatverein-hauenhorst.de\/index.php?rest_route=\/wp\/v2\/pages\/60","targetHints":{"allow":["GET"]}}],"collection":[{"href":"https:\/\/www.heimatverein-hauenhorst.de\/index.php?rest_route=\/wp\/v2\/pages"}],"about":[{"href":"https:\/\/www.heimatverein-hauenhorst.de\/index.php?rest_route=\/wp\/v2\/types\/page"}],"author":[{"embeddable":true,"href":"https:\/\/www.heimatverein-hauenhorst.de\/index.php?rest_route=\/wp\/v2\/users\/1"}],"replies":[{"embeddable":true,"href":"https:\/\/www.heimatverein-hauenhorst.de\/index.php?rest_route=%2Fwp%2Fv2%2Fcomments&post=60"}],"version-history":[{"count":3,"href":"https:\/\/www.heimatverein-hauenhorst.de\/index.php?rest_route=\/wp\/v2\/pages\/60\/revisions"}],"predecessor-version":[{"id":242,"href":"https:\/\/www.heimatverein-hauenhorst.de\/index.php?rest_route=\/wp\/v2\/pages\/60\/revisions\/242"}],"up":[{"embeddable":true,"href":"https:\/\/www.heimatverein-hauenhorst.de\/index.php?rest_route=\/wp\/v2\/pages\/54"}],"wp:attachment":[{"href":"https:\/\/www.heimatverein-hauenhorst.de\/index.php?rest_route=%2Fwp%2Fv2%2Fmedia&parent=60"}],"curies":[{"name":"wp","href":"https:\/\/api.w.org\/{rel}","templated":true}]}}