{"id":58,"date":"2019-10-12T19:14:38","date_gmt":"2019-10-12T19:14:38","guid":{"rendered":"http:\/\/wordpress.heimatverein-hauenhorst.de\/?page_id=58"},"modified":"2026-03-03T19:47:00","modified_gmt":"2026-03-03T18:47:00","slug":"waterdueoersken","status":"publish","type":"page","link":"https:\/\/www.heimatverein-hauenhorst.de\/?page_id=58","title":{"rendered":"Waterd\u00fc\u00f6rsken"},"content":{"rendered":"\n<h4 class=\"wp-block-heading\">Plattdeutscher K\u00fceraobend im Heimathaus<\/h4>\n\n\n\n<p><strong>Neu: Der plattdeutsche K\u00fceraobend findet ab sofort (Juni 2024) immer am 4. Mittwoch ab 18 Uhr im Monat statt!<\/strong><\/p>\n\n\n\n<p>Plattdeutsche \u201eK\u00fcerabende\u201c sind in und um Rheine l\u00e4ngst zur Tradition geworden. An den Heimatverein Hauenhorst \/ Catenhorn traten immer wieder Leute mit der Frage heran, warum es hier so etwas noch nicht nicht geben w\u00fcrde. Beginnend am Mittwochabend (19.11.2008) um 18 Uhr und dann weiterhin an jedem vierten Mittwoch im Monat zur gleichen Zeit wird in der Diele des Heimathauses \u201eK\u00fceraobend\u201c unter dem Titel \u201eWater d\u00fc\u00f6rsken unnern Boosen\u201c angeboten werden.<\/p>\n\n\n\n<p>Warum wurder dieser Titel gew\u00e4hlt? \nWasser dreschen (Water d\u00fc\u00f6rsken) ist in der plattdeutschen Sprache ein \ngefl\u00fcgeltes Wort f\u00fcr v\u00f6llig sinnlose T\u00e4tigkeiten. Wird mit einem \nDreschflegel aufs Wasser geschlagen, gibt es eine gro\u00dfe Spritzerei, \nsonst kommt dabei nichts heraus. Genau so soll es bei diesen Treffen \nauch gehalten weren. Es soll \u00fcber Gott und die Welt geplaudert werden \nohne dass etwas dabei heraus kommen muss. Jeder kann erz\u00e4hlen, wonach \nihm der Sinn steht, allerdings nur auf Plattdeutsch. Ein Programm kann, \nmuss aber nicht sein. Fall jemand das Platt noch versteht, es selber \naber nicht mehr spricht, soll er ruhig kommen, sich dazusetzen und \nzuh\u00f6ren.Falls er eine Frage hat weil er etwas nicht so richtig \nverstanden hat soll er sie ruhig auf hochdeutsch stellen, ihm wird der \nKopf nicht abgerissen. Auch Leute, die glauben gar kein Platt zu \nverstehen, k\u00f6nnen gerne vorbeischauen. Sie werden sich wundern, wie viel\n sie von den auf plattdeutsch gef\u00fchrten Gespr\u00e4chen verstehen.<\/p>\n\n\n\n<h3 class=\"wp-block-heading\"><strong>Wann und wo?<\/strong><\/h3>\n\n\n\n<p>\ud83d\udcc5 <strong>N\u00e4chster Termin:<\/strong> Mittwoch, 25. M\u00e4rz 2026<br>\ud83d\udd52 <strong>Uhrzeit:<\/strong> Ab 18:00 Uhr<br>\ud83d\udccd <strong>Ort:<\/strong> Heimathaus Hauenhorst<\/p>\n\n\n\n<h3 class=\"wp-block-heading\">Water d\u00fc\u00f6rsken up de Upkammer<\/h3>\n\n\n\n<p>Annerw\u00e4chtens in un \u00fcm Rheine giff et all lange plattd\u00fc\u00fctske K\u00fceraobende. Auk de Heimatverein Hauenhorst \/ Catenhorn will dao nu nich l\u00e4nger tr\u00fcggestaohn . Auk daor\u00fcm, wieldat immer wier L\u00fc\u00fcde kuemmen sinn, de fraoggtdt h\u00e4bbt, waor\u00fcm et in Hauenhorst so wat nich gaff. Daor\u00fcm sall\u2019t nu Mittwoch Aobend up de Upkammer von\u2019t Heimathuus \u00fcm Klock sess un dann jeden vi\u00e4rden Mittwoch in\u2019n Monat \u00fcm de glieke Tiet laossgaohn. \u201eWater d\u00fc\u00f6rsken up de Upkammer\u201c s\u00fcellt d\u00fcsse K\u00fceraobende heiten.<\/p>\n\n\n\n<p>Waor\u00fcm \u201eWater d\u00fc\u00f6rsken\u201c? Wenn eener \nmit\u2019n D\u00fc\u00f6rskflieggel in\u2019t Water haut, dann giff dat ne graute \nSplenterie, aower s\u00fcss k\u00fcmp nix daobi harut. Un j\u00fcst so sall dat dao auk\n haollen w\u00e4ern. Wi willt \u00fc\u00f6rwer Gott un de Welt k\u00fcern, ohne dat dao wat \nbi harutkuemmen mott. Programm kann, mott aower nich sein. Well k\u00fcmp \ndraff s\u00e4ggen wat he will. Aower up Platt! Un wenn eener k\u00fcmp, de dat \nPlatt nich m\u00e4er k\u00fcern kann, et aower noch versteiht dann sall he sick \ndaotosetten un lustern. Wenn so eener de dann doch es maol ne Fraoge \nh\u00e4ff, weil he vellicht wat nich richtig verstaohn h\u00e4ff, dann mott he \naower nich bange sein, dat em de Kopp affrietten w\u00e4d, wennhe maol \u201an \nhaugd\u00fc\u00fctsk Waort daot\u00fcsken schmitt. Auk L\u00fc\u00fcde, de meint dat se gar kien \nPlatt verstaoht dr\u00fcewt ruhig maol rinkieken. Se w\u00e4ert sick w\u00fcnnern, vu \nvull se von dat, wat dao k\u00fcert w\u00e4d verstaoht.<\/p>\n","protected":false},"excerpt":{"rendered":"<p>Plattdeutscher K\u00fceraobend im Heimathaus Neu: Der plattdeutsche K\u00fceraobend findet ab sofort (Juni 2024) immer am 4. Mittwoch ab 18 Uhr im Monat statt! Plattdeutsche \u201eK\u00fcerabende\u201c sind in und um Rheine l\u00e4ngst zur Tradition geworden. An den Heimatverein Hauenhorst \/ Catenhorn <a class=\"more-link\" href=\"https:\/\/www.heimatverein-hauenhorst.de\/?page_id=58\">Weiterlesen\u00a0\u2026<\/a><\/p>\n","protected":false},"author":1,"featured_media":857,"parent":54,"menu_order":0,"comment_status":"closed","ping_status":"closed","template":"","meta":{"ngg_post_thumbnail":0,"footnotes":""},"class_list":["post-58","page","type-page","status-publish","has-post-thumbnail","hentry"],"_links":{"self":[{"href":"https:\/\/www.heimatverein-hauenhorst.de\/index.php?rest_route=\/wp\/v2\/pages\/58","targetHints":{"allow":["GET"]}}],"collection":[{"href":"https:\/\/www.heimatverein-hauenhorst.de\/index.php?rest_route=\/wp\/v2\/pages"}],"about":[{"href":"https:\/\/www.heimatverein-hauenhorst.de\/index.php?rest_route=\/wp\/v2\/types\/page"}],"author":[{"embeddable":true,"href":"https:\/\/www.heimatverein-hauenhorst.de\/index.php?rest_route=\/wp\/v2\/users\/1"}],"replies":[{"embeddable":true,"href":"https:\/\/www.heimatverein-hauenhorst.de\/index.php?rest_route=%2Fwp%2Fv2%2Fcomments&post=58"}],"version-history":[{"count":9,"href":"https:\/\/www.heimatverein-hauenhorst.de\/index.php?rest_route=\/wp\/v2\/pages\/58\/revisions"}],"predecessor-version":[{"id":945,"href":"https:\/\/www.heimatverein-hauenhorst.de\/index.php?rest_route=\/wp\/v2\/pages\/58\/revisions\/945"}],"up":[{"embeddable":true,"href":"https:\/\/www.heimatverein-hauenhorst.de\/index.php?rest_route=\/wp\/v2\/pages\/54"}],"wp:featuredmedia":[{"embeddable":true,"href":"https:\/\/www.heimatverein-hauenhorst.de\/index.php?rest_route=\/wp\/v2\/media\/857"}],"wp:attachment":[{"href":"https:\/\/www.heimatverein-hauenhorst.de\/index.php?rest_route=%2Fwp%2Fv2%2Fmedia&parent=58"}],"curies":[{"name":"wp","href":"https:\/\/api.w.org\/{rel}","templated":true}]}}