{"id":56,"date":"2019-10-12T19:14:09","date_gmt":"2019-10-12T19:14:09","guid":{"rendered":"http:\/\/wordpress.heimatverein-hauenhorst.de\/?page_id=56"},"modified":"2025-11-25T15:23:32","modified_gmt":"2025-11-25T14:23:32","slug":"aktionstag","status":"publish","type":"page","link":"https:\/\/www.heimatverein-hauenhorst.de\/?page_id=56","title":{"rendered":"Aktionstag"},"content":{"rendered":"\n<h4 class=\"wp-block-heading\">\u201eMenschen treffen Menschen\u201c, die Freizeit- und Aktionsb\u00f6rse<\/h4>\n\n\n\n<p>Menschen\n kennen lernen, sich austauschen und Kontakte kn\u00fcpfen \u2013 das ist f\u00fcr \nviele B\u00fcrgerinnen und B\u00fcrger in Rheine und Umgebung oftmals schwer, \nviele f\u00fchlen sich einsam. Die Arbeit in Vereinen oder der Kirche liegt \nihnen nicht, sie m\u00f6chten sich ungebunden mit Gleichgesinnten treffen \noder suchen Hilfe bei der L\u00f6sung von Problemen.<\/p>\n\n\n\n<p>Renate Heider, seit langen Jahren Schriftf\u00fchrerin des Heimatvereins, hatte im Jahr 2006 die Idee, das Heimathaus Hauenhorst f\u00fcr einen Treffpunkt einzurichten. Seit dem 5. April 2006 ab 14.30 Uhr findet am ersten Mittwoch im Monat der Aktionstag mit dem Motto \u201eMenschen treffen Menschen\u201c statt.<br>\u201eWir stellen eine Pinnwand auf, an die jeder Interessierte einen Zettel mit W\u00fcnschen anheften kann, z.B. \u201eWer geht mit mir ins Theater?\u201c, \u201eWer kann mir beim Internet helfen?\u201c, \u201eIch suche einfach Kontakt zu netten Leuten\u201c, so erkl\u00e4rt Heider das einfache Prinzip.<br> Auf diese Weise sind in anderen St\u00e4dten schon viele Freundschaften geschlossen worden, es haben sich Kartenspielgruppen gebildet oder Neuzugezogene schnell Anschluss an \u201eAlteingesessene\u201c gefunden. Bei einer Tasse Kaffee kann man sich kennen lernen und austauschen.<\/p>\n\n\n\n<p>Bisherige Aktionen waren zum Beispiel:<\/p>\n\n\n\n<ul class=\"wp-block-list\">\n<li>Backtage und R\u00e4uchern von Fisch (4 mal pro Jahr)<\/li>\n\n\n\n<li>Vorf\u00fchrung alter Handarbeitstechniken, z.B. Spinnen und Wollverarbeitung<\/li>\n\n\n\n<li>Verkaufsst\u00e4nde f\u00fcr Kinderkleidung, Handarbeiten<\/li>\n\n\n\n<li>frische Waffeln, Kuchen und Rosinenbrot<\/li>\n\n\n\n<li>hausgemachte Marmeladen und Gelees<\/li>\n\n\n\n<li>Vorf\u00fchrung mit H\u00fctehunden und Laufenten<\/li>\n<\/ul>\n","protected":false},"excerpt":{"rendered":"<p>\u201eMenschen treffen Menschen\u201c, die Freizeit- und Aktionsb\u00f6rse Menschen kennen lernen, sich austauschen und Kontakte kn\u00fcpfen \u2013 das ist f\u00fcr viele B\u00fcrgerinnen und B\u00fcrger in Rheine und Umgebung oftmals schwer, viele f\u00fchlen sich einsam. Die Arbeit in Vereinen oder der Kirche <a class=\"more-link\" href=\"https:\/\/www.heimatverein-hauenhorst.de\/?page_id=56\">Weiterlesen\u00a0\u2026<\/a><\/p>\n","protected":false},"author":1,"featured_media":597,"parent":54,"menu_order":0,"comment_status":"closed","ping_status":"closed","template":"","meta":{"ngg_post_thumbnail":0,"footnotes":""},"class_list":["post-56","page","type-page","status-publish","has-post-thumbnail","hentry"],"_links":{"self":[{"href":"https:\/\/www.heimatverein-hauenhorst.de\/index.php?rest_route=\/wp\/v2\/pages\/56","targetHints":{"allow":["GET"]}}],"collection":[{"href":"https:\/\/www.heimatverein-hauenhorst.de\/index.php?rest_route=\/wp\/v2\/pages"}],"about":[{"href":"https:\/\/www.heimatverein-hauenhorst.de\/index.php?rest_route=\/wp\/v2\/types\/page"}],"author":[{"embeddable":true,"href":"https:\/\/www.heimatverein-hauenhorst.de\/index.php?rest_route=\/wp\/v2\/users\/1"}],"replies":[{"embeddable":true,"href":"https:\/\/www.heimatverein-hauenhorst.de\/index.php?rest_route=%2Fwp%2Fv2%2Fcomments&post=56"}],"version-history":[{"count":5,"href":"https:\/\/www.heimatverein-hauenhorst.de\/index.php?rest_route=\/wp\/v2\/pages\/56\/revisions"}],"predecessor-version":[{"id":891,"href":"https:\/\/www.heimatverein-hauenhorst.de\/index.php?rest_route=\/wp\/v2\/pages\/56\/revisions\/891"}],"up":[{"embeddable":true,"href":"https:\/\/www.heimatverein-hauenhorst.de\/index.php?rest_route=\/wp\/v2\/pages\/54"}],"wp:featuredmedia":[{"embeddable":true,"href":"https:\/\/www.heimatverein-hauenhorst.de\/index.php?rest_route=\/wp\/v2\/media\/597"}],"wp:attachment":[{"href":"https:\/\/www.heimatverein-hauenhorst.de\/index.php?rest_route=%2Fwp%2Fv2%2Fmedia&parent=56"}],"curies":[{"name":"wp","href":"https:\/\/api.w.org\/{rel}","templated":true}]}}