{"id":3,"date":"2019-10-05T18:10:42","date_gmt":"2019-10-05T18:10:42","guid":{"rendered":"http:\/\/wordpress.heimatverein-hauenhorst.de\/?page_id=3"},"modified":"2022-04-19T20:40:50","modified_gmt":"2022-04-19T18:40:50","slug":"privacy-policy","status":"publish","type":"page","link":"https:\/\/www.heimatverein-hauenhorst.de\/?page_id=3","title":{"rendered":"Impressum"},"content":{"rendered":"\n<p>Diese Seite wird betrieben von:<\/p>\n\n\n\n<p>Heimatverein Hauenhorst\/Catenhorn e.V.<br> &#8220;Unser Dorf soll sch\u00f6ner werden&#8221;<br> Bauerschaftsstra\u00dfe 1<br> 48432 Rheine<\/p>\n\n\n\n<p>Telefon: 05971 \/ 5 51 13<br> E-Mail: heimatverein@hauenhorst.de<\/p>\n\n\n\n<h3 class=\"wp-block-heading\">Gemeinschaftlich vertretungsbefugt:<\/h3>\n\n\n\n<p>1. Vorsitzender<br>Andreas Galle<br>Anemonenweg 10<br>48432 Rheine<br>Telefon 05971 \/ 1 03 58<br>E-Mail: andreas.galle@hauenhorst.de<\/p>\n\n\n\n<p>2. Vorsitzende<br>Anna Neto Vila\u00e7a<br>E-Mail: anna.katharina@hauenhorst.de<\/p>\n\n\n\n<h3 class=\"wp-block-heading\">Das Impressum gilt f\u00fcr:<\/h3>\n\n\n\n<p>http:\/\/www.heimatverein-hauenhorst.de<br>http:\/\/www.heimatverein-catenhorn.de<br>https:\/\/www.facebook.com\/hv.hauenhorst\/<\/p>\n\n\n\n<p>Registergericht: Amtsgericht Steinfurt<br> Registernummer: VR 20469<\/p>\n\n\n\n<h3 class=\"wp-block-heading\">Verantwortlicher i.S.d. \u00a7 55 Abs. 2 RStV:<\/h3>\n\n\n\n<p>Andreas Galle<br>Anemonenweg 10<br>48432 Rheine<\/p>\n\n\n\n<p>E-Mail: andreas.galle@hauenhorst.de<\/p>\n\n\n\n<h2 class=\"wp-block-heading\">Haftungsausschluss<\/h2>\n\n\n\n<h3 class=\"wp-block-heading\">1. Haftungsbeschr\u00e4nkung<\/h3>\n\n\n\n<p>Die Inhalte dieser Website werden mit gr\u00f6\u00dftm\u00f6glicher Sorgfalt \nerstellt. Der Anbieter \u00fcbernimmt jedoch keine Gew\u00e4hr f\u00fcr die \nRichtigkeit, Vollst\u00e4ndigkeit und Aktualit\u00e4t der bereitgestellten \nInhalte. Die Nutzung der Inhalte der Website erfolgt auf eigene Gefahr \ndes Nutzers. Namentlich gekennzeichnete Beitr\u00e4ge geben die Meinung des \njeweiligen Autors und nicht immer die Meinung des Anbieters wieder. Mit \nder reinen Nutzung der Website des Anbieters kommt keinerlei \nVertragsverh\u00e4ltnis zwischen dem Nutzer und dem Anbieter zustande.<\/p>\n\n\n\n<h3 class=\"wp-block-heading\">2. Externe Links<\/h3>\n\n\n\n<p>Diese Website enth\u00e4lt Verkn\u00fcpfungen zu Websites Dritter (&#8220;externe \nLinks&#8221;). Diese Websites unterliegen der Haftung der jeweiligen \nBetreiber. Der Anbieter hat bei der erstmaligen Verkn\u00fcpfung der externen\n Links die fremden Inhalte daraufhin \u00fcberpr\u00fcft, ob etwaige \nRechtsverst\u00f6\u00dfe bestehen. Zu dem Zeitpunkt waren keine Rechtsverst\u00f6\u00dfe \nersichtlich. Der Anbieter hat keinerlei Einfluss auf die aktuelle und \nzuk\u00fcnftige Gestaltung und auf die Inhalte der verkn\u00fcpften Seiten. Das \nSetzen von externen Links bedeutet nicht, dass sich der Anbieter die \nhinter dem Verweis oder Link liegenden Inhalte zu Eigen macht. Eine \nst\u00e4ndige Kontrolle der externen Links ist f\u00fcr den Anbieter ohne konkrete\n Hinweise auf Rechtsverst\u00f6\u00dfe nicht zumutbar. Bei Kenntnis von \nRechtsverst\u00f6\u00dfen werden jedoch derartige externe Links unverz\u00fcglich \ngel\u00f6scht.<\/p>\n\n\n\n<h3 class=\"wp-block-heading\">3. Urheber- und Leistungsschutzrechte<\/h3>\n\n\n\n<p>Die auf dieser Website ver\u00f6ffentlichten Inhalte unterliegen dem \ndeutschen Urheber- und Leistungsschutzrecht. Jede vom deutschen Urheber-\n und Leistungsschutzrecht nicht zugelassene Verwertung bedarf der \nvorherigen schriftlichen Zustimmung des Anbieters oder jeweiligen \nRechteinhabers. Dies gilt insbesondere f\u00fcr Vervielf\u00e4ltigung, \nBearbeitung, \u00dcbersetzung, Einspeicherung, Verarbeitung bzw. Wiedergabe \nvon Inhalten in Datenbanken oder anderen elektronischen Medien und \nSystemen. Inhalte und Rechte Dritter sind dabei als solche \ngekennzeichnet. Die unerlaubte Vervielf\u00e4ltigung oder Weitergabe \neinzelner Inhalte oder kompletter Seiten ist nicht gestattet und \nstrafbar. Lediglich die Herstellung von Kopien und Downloads f\u00fcr den \npers\u00f6nlichen, privaten und nicht kommerziellen Gebrauch ist erlaubt. Die\n Darstellung dieser Website in fremden Frames ist nur mit schriftlicher \nErlaubnis zul\u00e4ssig.<\/p>\n\n\n\n<h3 class=\"wp-block-heading\">4. Datenschutzerkl\u00e4rung<\/h3>\n\n\n\n<p>Diese Datenschutzerkl\u00e4rung kl\u00e4rt Sie \u00fcber die Art, den Umfang und \nZweck der Verarbeitung von personenbezogenen Daten (nachfolgend kurz \n\u201eDaten\u201c) innerhalb unseres Onlineangebotes und der mit ihm verbundenen \nWebseiten, Funktionen und Inhalte sowie externen Onlinepr\u00e4senzen, wie \nz.B. unser Social Media Profile auf (nachfolgend gemeinsam bezeichnet \nals \u201eOnlineangebot\u201c). Im Hinblick auf die verwendeten Begrifflichkeiten,\n wie z.B. \u201eVerarbeitung\u201c oder \u201eVerantwortlicher\u201c verweisen wir auf die \nDefinitionen im Art. 4 der Datenschutzgrundverordnung (DSGVO).<\/p>\n\n\n\n<h3 class=\"wp-block-heading\" id=\"dsg-general-controller\">Verantwortlicher<\/h3>\n\n\n\n<p>Heimatverein Hauenhorst\/Catenhorn e.V.<br> &#8220;Unser Dorf soll sch\u00f6ner werden&#8221;<br> Bauerschaftsstra\u00dfe 1<br> 48432 Rheine<\/p>\n\n\n\n<h3 class=\"wp-block-heading\" id=\"dsg-general-datatype\">Arten der verarbeiteten Daten:<\/h3>\n\n\n\n<ul class=\"wp-block-list\"><li>Referrer (zuvor besuchte Webseite)<\/li><li>Angeforderte Webseite oder Datei<\/li><li>Browsertyp und Browserversion<\/li><li>Verwendetes Betriebssystem<\/li><li>Verwendeter Ger\u00e4tetyp<\/li><li>Uhrzeit des Zugriffs<\/li><li>IP-Adresse in anonymisierter Form (wird nur zur Feststellung des Orts des Zugriffs verwendet)<\/li><\/ul>\n\n\n\n<h3 class=\"wp-block-heading\" id=\"dsg-general-datasubjects\">Kategorien betroffener Personen<\/h3>\n\n\n\n<p>Besucher und Nutzer des Onlineangebotes (Nachfolgend bezeichnen wir die betroffenen Personen zusammenfassend auch als \u201eNutzer\u201c).<\/p>\n\n\n\n<h3 class=\"wp-block-heading\" id=\"dsg-general-purpose\">Zweck der Verarbeitung<\/h3>\n\n\n\n<p>&#8211; Zurverf\u00fcgungstellung des Onlineangebotes, seiner Funktionen und Inhalte.<br> &#8211; Sicherheitsma\u00dfnahmen (techn. Optimierung)<br> &#8211; Reichweitenmessung\/Marketing<\/p>\n\n\n\n<h3 class=\"wp-block-heading\" id=\"dsg-general-terms\">Verwendete Begrifflichkeiten<\/h3>\n\n\n\n<p>\u201ePersonenbezogene Daten\u201c sind alle Informationen, die sich auf eine \nidentifizierte oder identifizierbare nat\u00fcrliche Person (im Folgenden \n\u201ebetroffene Person\u201c) beziehen; als identifizierbar wird eine nat\u00fcrliche \nPerson angesehen, die direkt oder indirekt, insbesondere mittels \nZuordnung zu einer Kennung wie einem Namen, zu einer Kennnummer, zu \nStandortdaten, zu einer Online-Kennung (z.B. Cookie) oder zu einem oder \nmehreren besonderen Merkmalen identifiziert werden kann, die Ausdruck \nder physischen, physiologischen, genetischen, psychischen, \nwirtschaftlichen, kulturellen oder sozialen Identit\u00e4t dieser nat\u00fcrlichen\n Person sind.<br> <br> \u201eVerarbeitung\u201c ist jeder mit oder ohne Hilfe \nautomatisierter Verfahren ausgef\u00fchrte Vorgang oder jede solche \nVorgangsreihe im Zusammenhang mit personenbezogenen Daten. Der Begriff \nreicht weit und umfasst praktisch jeden Umgang mit Daten.<br> <br> \n\u201ePseudonymisierung\u201c die Verarbeitung personenbezogener Daten in einer \nWeise, dass die personenbezogenen Daten ohne Hinzuziehung zus\u00e4tzlicher \nInformationen nicht mehr einer spezifischen betroffenen Person \nzugeordnet werden k\u00f6nnen, sofern diese zus\u00e4tzlichen Informationen \ngesondert aufbewahrt werden und technischen und organisatorischen \nMa\u00dfnahmen unterliegen, die gew\u00e4hrleisten, dass die personenbezogenen \nDaten nicht einer identifizierten oder identifizierbaren nat\u00fcrlichen \nPerson zugewiesen werden.<br> <br> \u201eProfiling\u201c jede Art der \nautomatisierten Verarbeitung personenbezogener Daten, die darin besteht,\n dass diese personenbezogenen Daten verwendet werden, um bestimmte \npers\u00f6nliche Aspekte, die sich auf eine nat\u00fcrliche Person beziehen, zu \nbewerten, insbesondere um Aspekte bez\u00fcglich Arbeitsleistung, \nwirtschaftliche Lage, Gesundheit, pers\u00f6nliche Vorlieben, Interessen, \nZuverl\u00e4ssigkeit, Verhalten, Aufenthaltsort oder Ortswechsel dieser \nnat\u00fcrlichen Person zu analysieren oder vorherzusagen.<br> <br> Als \n\u201eVerantwortlicher\u201c wird die nat\u00fcrliche oder juristische Person, Beh\u00f6rde,\n Einrichtung oder andere Stelle, die allein oder gemeinsam mit anderen \n\u00fcber die Zwecke und Mittel der Verarbeitung von personenbezogenen Daten \nentscheidet, bezeichnet.<br> <br> \u201eAuftragsverarbeiter\u201c eine nat\u00fcrliche \noder juristische Person, Beh\u00f6rde, Einrichtung oder andere Stelle, die \npersonenbezogene Daten im Auftrag des Verantwortlichen verarbeitet.<\/p>\n\n\n\n<h3 class=\"wp-block-heading\" id=\"dsg-general-legalbasis\">Ma\u00dfgebliche Rechtsgrundlagen<\/h3>\n\n\n\n<p>Nach Ma\u00dfgabe des Art. 13 DSGVO teilen wir Ihnen die Rechtsgrundlagen \nunserer Datenverarbeitungen mit. Sofern die Rechtsgrundlage in der \nDatenschutzerkl\u00e4rung nicht genannt wird, gilt Folgendes: Die \nRechtsgrundlage f\u00fcr die Einholung von Einwilligungen ist Art. 6 Abs. 1 \nlit. a und Art. 7 DSGVO, die Rechtsgrundlage f\u00fcr die Verarbeitung zur \nErf\u00fcllung unserer Leistungen und Durchf\u00fchrung vertraglicher Ma\u00dfnahmen \nsowie Beantwortung von Anfragen ist Art. 6 Abs. 1 lit. b DSGVO, die \nRechtsgrundlage f\u00fcr die Verarbeitung zur Erf\u00fcllung unserer rechtlichen \nVerpflichtungen ist Art. 6 Abs. 1 lit. c DSGVO, und die Rechtsgrundlage \nf\u00fcr die Verarbeitung zur Wahrung unserer berechtigten Interessen ist \nArt. 6 Abs. 1 lit. f DSGVO. F\u00fcr den Fall, dass lebenswichtige Interessen\n der betroffenen Person oder einer anderen nat\u00fcrlichen Person eine \nVerarbeitung personenbezogener Daten erforderlich machen, dient Art. 6 \nAbs. 1 lit. d DSGVO als Rechtsgrundlage.<\/p>\n\n\n\n<h3 class=\"wp-block-heading\" id=\"dsg-general-securitymeasures\">Sicherheitsma\u00dfnahmen<\/h3>\n\n\n\n<p>Wir treffen nach Ma\u00dfgabe des Art. 32 DSGVO unter Ber\u00fccksichtigung des\n Stands der Technik, der Implementierungskosten und der Art, des \nUmfangs, der Umst\u00e4nde und der Zwecke der Verarbeitung sowie der \nunterschiedlichen Eintrittswahrscheinlichkeit und Schwere des Risikos \nf\u00fcr die Rechte und Freiheiten nat\u00fcrlicher Personen, geeignete technische\n und organisatorische Ma\u00dfnahmen, um ein dem Risiko angemessenes \nSchutzniveau zu gew\u00e4hrleisten.<br> <br> Zu den Ma\u00dfnahmen geh\u00f6ren \ninsbesondere die Sicherung der Vertraulichkeit, Integrit\u00e4t und \nVerf\u00fcgbarkeit von Daten durch Kontrolle des physischen Zugangs zu den \nDaten, als auch des sie betreffenden Zugriffs, der Eingabe, Weitergabe, \nder Sicherung der Verf\u00fcgbarkeit und ihrer Trennung. Des Weiteren haben \nwir Verfahren eingerichtet, die eine Wahrnehmung von Betroffenenrechten,\n L\u00f6schung von Daten und Reaktion auf Gef\u00e4hrdung der Daten gew\u00e4hrleisten.\n Ferner ber\u00fccksichtigen wir den Schutz personenbezogener Daten bereits \nbei der Entwicklung, bzw. Auswahl von Hardware, Software sowie \nVerfahren, entsprechend dem Prinzip des Datenschutzes durch \nTechnikgestaltung und durch datenschutzfreundliche Voreinstellungen \n(Art. 25 DSGVO).<\/p>\n\n\n\n<h3 class=\"wp-block-heading\" id=\"dsg-general-coprocessing\">Zusammenarbeit mit Auftragsverarbeitern und Dritten<\/h3>\n\n\n\n<p>Sofern wir im Rahmen unserer Verarbeitung Daten gegen\u00fcber anderen \nPersonen und Unternehmen (Auftragsverarbeitern oder Dritten) offenbaren,\n sie an diese \u00fcbermitteln oder ihnen sonst Zugriff auf die Daten \ngew\u00e4hren, erfolgt dies nur auf Grundlage einer gesetzlichen Erlaubnis \n(z.B. wenn eine \u00dcbermittlung der Daten an Dritte, wie an \nZahlungsdienstleister, gem. Art. 6 Abs. 1 lit. b DSGVO zur \nVertragserf\u00fcllung erforderlich ist), Sie eingewilligt haben, eine \nrechtliche Verpflichtung dies vorsieht oder auf Grundlage unserer \nberechtigten Interessen (z.B. beim Einsatz von Beauftragten, Webhostern,\n etc.). <br> <br> Sofern wir Dritte mit der Verarbeitung von Daten auf \nGrundlage eines sog. \u201eAuftragsverarbeitungsvertrages\u201c beauftragen, \ngeschieht dies auf Grundlage des Art. 28 DSGVO.<\/p>\n\n\n\n<h3 class=\"wp-block-heading\" id=\"dsg-general-thirdparty\">\u00dcbermittlungen in Drittl\u00e4nder<\/h3>\n\n\n\n<p>Sofern wir Daten in einem Drittland (d.h. au\u00dferhalb der Europ\u00e4ischen \nUnion (EU) oder des Europ\u00e4ischen Wirtschaftsraums (EWR)) verarbeiten \noder dies im Rahmen der Inanspruchnahme von Diensten Dritter oder \nOffenlegung, bzw. \u00dcbermittlung von Daten an Dritte geschieht, erfolgt \ndies nur, wenn es zur Erf\u00fcllung unserer (vor)vertraglichen Pflichten, \nauf Grundlage Ihrer Einwilligung, aufgrund einer rechtlichen \nVerpflichtung oder auf Grundlage unserer berechtigten Interessen \ngeschieht. Vorbehaltlich gesetzlicher oder vertraglicher Erlaubnisse, \nverarbeiten oder lassen wir die Daten in einem Drittland nur beim \nVorliegen der besonderen Voraussetzungen der Art. 44 ff. DSGVO \nverarbeiten. D.h. die Verarbeitung erfolgt z.B. auf Grundlage besonderer\n Garantien, wie der offiziell anerkannten Feststellung eines der EU \nentsprechenden Datenschutzniveaus (z.B. f\u00fcr die USA durch das \u201ePrivacy \nShield\u201c) oder Beachtung offiziell anerkannter spezieller vertraglicher \nVerpflichtungen (so genannte \u201eStandardvertragsklauseln\u201c).<\/p>\n\n\n\n<h3 class=\"wp-block-heading\" id=\"dsg-general-rightssubject\">Rechte der betroffenen Personen<\/h3>\n\n\n\n<p>Sie haben das Recht, eine Best\u00e4tigung dar\u00fcber zu verlangen, ob \nbetreffende Daten verarbeitet werden und auf Auskunft \u00fcber diese Daten \nsowie auf weitere Informationen und Kopie der Daten entsprechend Art. 15\n DSGVO.<br> <br> Sie haben entsprechend. Art. 16 DSGVO das Recht, die \nVervollst\u00e4ndigung der Sie betreffenden Daten oder die Berichtigung der \nSie betreffenden unrichtigen Daten zu verlangen.<br> <br> Sie haben nach\n Ma\u00dfgabe des Art. 17 DSGVO das Recht zu verlangen, dass betreffende \nDaten unverz\u00fcglich gel\u00f6scht werden, bzw. alternativ nach Ma\u00dfgabe des \nArt. 18 DSGVO eine Einschr\u00e4nkung der Verarbeitung der Daten zu \nverlangen.<br> <br> Sie haben das Recht zu verlangen, dass die Sie \nbetreffenden Daten, die Sie uns bereitgestellt haben nach Ma\u00dfgabe des \nArt. 20 DSGVO zu erhalten und deren \u00dcbermittlung an andere \nVerantwortliche zu fordern. <br> <br> Sie haben ferner gem. Art. 77 DSGVO das Recht, eine Beschwerde bei der zust\u00e4ndigen Aufsichtsbeh\u00f6rde einzureichen.<\/p>\n\n\n\n<h3 class=\"wp-block-heading\" id=\"dsg-general-revokeconsent\">Widerrufsrecht<\/h3>\n\n\n\n<p>Sie haben das Recht, erteilte Einwilligungen gem. Art. 7 Abs. 3 DSGVO mit Wirkung f\u00fcr die Zukunft zu widerrufen<\/p>\n\n\n\n<h3 class=\"wp-block-heading\" id=\"dsg-general-object\">Widerspruchsrecht<\/h3>\n\n\n\n<p>Sie k\u00f6nnen der k\u00fcnftigen Verarbeitung der Sie betreffenden Daten nach\n Ma\u00dfgabe des Art. 21 DSGVO jederzeit widersprechen. Der Widerspruch kann\n insbesondere gegen die Verarbeitung f\u00fcr Zwecke der Direktwerbung \nerfolgen.<\/p>\n\n\n\n<h3 class=\"wp-block-heading\" id=\"dsg-general-cookies\">Cookies und Widerspruchsrecht bei Direktwerbung<\/h3>\n\n\n\n<p>Als \u201eCookies\u201c werden kleine Dateien bezeichnet, die auf Rechnern der  Nutzer gespeichert werden. Innerhalb der Cookies k\u00f6nnen unterschiedliche  Angaben gespeichert werden. Ein Cookie dient prim\u00e4r dazu, die Angaben  zu einem Nutzer (bzw. dem Ger\u00e4t auf dem das Cookie gespeichert ist)  w\u00e4hrend oder auch nach seinem Besuch innerhalb eines Onlineangebotes zu  speichern. Als tempor\u00e4re Cookies, bzw. \u201eSession-Cookies\u201c oder  \u201etransiente Cookies\u201c, werden Cookies bezeichnet, die gel\u00f6scht werden,  nachdem ein Nutzer ein Onlineangebot verl\u00e4sst und seinen Browser  schlie\u00dft. In einem solchen Cookie kann z.B. der Inhalt eines Warenkorbs  in einem Onlineshop oder ein Login-Status gespeichert werden. Als  \u201epermanent\u201c oder \u201epersistent\u201c werden Cookies bezeichnet, die auch nach  dem Schlie\u00dfen des Browsers gespeichert bleiben. So kann z.B. der  Login-Status gespeichert werden, wenn die Nutzer diese nach mehreren  Tagen aufsuchen. Ebenso k\u00f6nnen in einem solchen Cookie die Interessen  der Nutzer gespeichert werden, die f\u00fcr Reichweitenmessung oder  Marketingzwecke verwendet werden. Als \u201eThird-Party-Cookie\u201c werden  Cookies bezeichnet, die von anderen Anbietern als dem Verantwortlichen,  der das Onlineangebot betreibt, angeboten werden (andernfalls, wenn es  nur dessen Cookies sind spricht man von \u201eFirst-Party Cookies\u201c).<br> <br> Wir setzen keine Cookies ein und kl\u00e4ren Sie hier\u00fcber im Rahmen unserer Datenschutzerkl\u00e4rung auf.<br> <br> Bisherige gespeicherte Cookies k\u00f6nnen in den Systemeinstellungen des Browsers gel\u00f6scht werden.<br> <br>  Ein genereller Widerspruch gegen den Einsatz der zu Zwecken des  Onlinemarketing eingesetzten Cookies kann bei einer Vielzahl der  Dienste, vor allem im Fall des Trackings, \u00fcber die US-amerikanische  Seite <a rel=\"noreferrer noopener\" aria-label=\" (opens in a new tab)\" href=\"http:\/\/www.aboutads.info\/choices\/\" target=\"_blank\">http:\/\/www.aboutads.info\/choices\/<\/a> oder die EU-Seite <a href=\"http:\/\/www.youronlinechoices.com\/\" target=\"_blank\" rel=\"noreferrer noopener\" aria-label=\" (opens in a new tab)\">http:\/\/www.youronlinechoices.com\/<\/a>  erkl\u00e4rt werden. Des Weiteren kann die Speicherung von Cookies mittels  deren Abschaltung in den Einstellungen des Browsers erreicht werden.  Bitte beachten Sie, dass dann gegebenenfalls nicht alle Funktionen  dieses Onlineangebotes genutzt werden k\u00f6nnen.<\/p>\n\n\n\n<h3 class=\"wp-block-heading\" id=\"dsg-general-erasure\">L\u00f6schung von Daten<\/h3>\n\n\n\n<p>Die von uns verarbeiteten Daten werden nach Ma\u00dfgabe der Art. 17 und \n18 DSGVO gel\u00f6scht oder in ihrer Verarbeitung eingeschr\u00e4nkt. Sofern nicht\n im Rahmen dieser Datenschutzerkl\u00e4rung ausdr\u00fccklich angegeben, werden \ndie bei uns gespeicherten Daten gel\u00f6scht, sobald sie f\u00fcr ihre \nZweckbestimmung nicht mehr erforderlich sind und der L\u00f6schung keine \ngesetzlichen Aufbewahrungspflichten entgegenstehen. Sofern die Daten \nnicht gel\u00f6scht werden, weil sie f\u00fcr andere und gesetzlich zul\u00e4ssige \nZwecke erforderlich sind, wird deren Verarbeitung eingeschr\u00e4nkt. D.h. \ndie Daten werden gesperrt und nicht f\u00fcr andere Zwecke verarbeitet. Das \ngilt z.B. f\u00fcr Daten, die aus handels- oder steuerrechtlichen Gr\u00fcnden \naufbewahrt werden m\u00fcssen.<br> <br> Nach gesetzlichen Vorgaben in \nDeutschland, erfolgt die Aufbewahrung insbesondere f\u00fcr 10 Jahre gem\u00e4\u00df \u00a7\u00a7\n 147 Abs. 1 AO, 257 Abs. 1 Nr. 1 und 4, Abs. 4 HGB (B\u00fccher, \nAufzeichnungen, Lageberichte, Buchungsbelege, Handelsb\u00fccher, f\u00fcr \nBesteuerung relevanter Unterlagen, etc.) und 6 Jahre gem\u00e4\u00df \u00a7 257 Abs. 1 \nNr. 2 und 3, Abs. 4 HGB (Handelsbriefe). <br> <br> Nach gesetzlichen \nVorgaben in \u00d6sterreich erfolgt die Aufbewahrung insbesondere f\u00fcr 7 J \ngem\u00e4\u00df \u00a7 132 Abs. 1 BAO (Buchhaltungsunterlagen, Belege\/Rechnungen, \nKonten, Belege, Gesch\u00e4ftspapiere, Aufstellung der Einnahmen und \nAusgaben, etc.), f\u00fcr 22 Jahre im Zusammenhang mit Grundst\u00fccken und f\u00fcr \n10 Jahre bei Unterlagen im Zusammenhang mit elektronisch erbrachten \nLeistungen, Telekommunikations-, Rundfunk- und Fernsehleistungen, die an\n Nichtunternehmer in EU-Mitgliedstaaten erbracht werden und f\u00fcr die der \nMini-One-Stop-Shop (MOSS) in Anspruch genommen wird. <\/p>\n\n\n\n<h3 class=\"wp-block-heading\" id=\"dsg-organisation\">Erbringung unserer satzungs- und gesch\u00e4ftsgem\u00e4\u00dfen Leistungen <\/h3>\n\n\n\n<p>Wir verarbeiten die Daten unserer \nMitglieder, Unterst\u00fctzer, Interessenten, Kunden oder sonstiger Personen \nentsprechend Art. 6 Abs. 1 lit. b. DSGVO, sofern wir ihnen gegen\u00fcber \nvertragliche Leistungen anbieten oder im Rahmen bestehender \ngesch\u00e4ftlicher Beziehung, z.B. gegen\u00fcber Mitgliedern, t\u00e4tig werden oder \nselbst Empf\u00e4nger von Leistungen und Zuwendungen sind. Im \u00dcbrigen \nverarbeiten wir die Daten betroffener Personen gem. Art. 6 Abs. 1 lit. \nf. DSGVO auf Grundlage unserer berechtigten Interessen, z.B. wenn es \nsich um administrative Aufgaben oder \u00d6ffentlichkeitsarbeit handelt.<br> <br>\n Die hierbei verarbeiteten Daten, die Art, der Umfang und der Zweck und \ndie Erforderlichkeit ihrer Verarbeitung bestimmen sich nach dem \nzugrundeliegenden Vertragsverh\u00e4ltnis. Dazu geh\u00f6ren grunds\u00e4tzlich \nBestands- und Stammdaten der Personen (z.B., Name, Adresse, etc.), als \nauch die Kontaktdaten (z.B., E-Mailadresse, Telefon, etc.), die \nVertragsdaten (z.B., in Anspruch genommene Leistungen, mitgeteilte \nInhalte und Informationen, Namen von Kontaktpersonen) und sofern wir \nzahlungspflichtige Leistungen oder Produkte anbieten, Zahlungsdaten \n(z.B., Bankverbindung, Zahlungshistorie, etc.).<br> <br> Wir l\u00f6schen \nDaten, die zur Erbringung unserer satzungs- und gesch\u00e4ftsm\u00e4\u00dfigen Zwecke \nnicht mehr erforderlich sind. Dies bestimmt sich entsprechend der \njeweiligen Aufgaben und vertraglichen Beziehungen. Im Fall \ngesch\u00e4ftlicher Verarbeitung bewahren wir die Daten so lange auf, wie sie\n zur Gesch\u00e4ftsabwicklung, als auch im Hinblick auf etwaige \nGew\u00e4hrleistungs- oder Haftungspflichten relevant sein k\u00f6nnen. Die \nErforderlichkeit der Aufbewahrung der Daten wird alle drei Jahre \n\u00fcberpr\u00fcft; im \u00dcbrigen gelten die gesetzlichen Aufbewahrungspflichten. <\/p>\n\n\n\n<h3 class=\"wp-block-heading\" id=\"dsg-hostingprovider\">Hosting und E-Mail-Versand <\/h3>\n\n\n\n<p>Die von uns in Anspruch genommenen \nHosting-Leistungen dienen der Zurverf\u00fcgungstellung der folgenden \nLeistungen: Infrastruktur- und Plattformdienstleistungen, \nRechenkapazit\u00e4t, Speicherplatz und Datenbankdienste, E-Mail-Versand, \nSicherheitsleistungen sowie technische Wartungsleistungen, die wir zum \nZwecke des Betriebs dieses Onlineangebotes einsetzen. <br> <br> Hierbei \nverarbeiten wir, bzw. unser Hostinganbieter Bestandsdaten, Kontaktdaten,\n Inhaltsdaten, Vertragsdaten, Nutzungsdaten, Meta- und \nKommunikationsdaten von Kunden, Interessenten und Besuchern dieses \nOnlineangebotes auf Grundlage unserer berechtigten Interessen an einer \neffizienten und sicheren Zurverf\u00fcgungstellung dieses Onlineangebotes \ngem. Art. 6 Abs. 1 lit. f DSGVO i.V.m. Art. 28 DSGVO (Abschluss \nAuftragsverarbeitungsvertrag). <\/p>\n\n\n\n<h3 class=\"wp-block-heading\" id=\"dsg-logfiles\">Erhebung von Zugriffsdaten und Logfiles <\/h3>\n\n\n\n<p>Unser Hostinganbieter, erhebt auf \nGrundlage unserer berechtigten Interessen im Sinne des Art. 6 Abs. 1 \nlit. f. DSGVO Daten \u00fcber jeden Zugriff auf den Server, auf dem sich \ndieser Dienst befindet (sogenannte Serverlogfiles). Zu den Zugriffsdaten\n geh\u00f6ren Name der abgerufenen Webseite, Datei, Datum und Uhrzeit des \nAbrufs, \u00fcbertragene Datenmenge, Meldung \u00fcber erfolgreichen Abruf, \nBrowsertyp nebst Version, das Betriebssystem des Nutzers, Referrer URL \n(die zuvor besuchte Seite), IP-Adresse und der anfragende Provider.<br> <br>\n Logfile-Informationen werden aus Sicherheitsgr\u00fcnden (z.B. zur \nAufkl\u00e4rung von Missbrauchs- oder Betrugshandlungen) f\u00fcr die Dauer von \nmaximal 7 Tagen gespeichert und danach gel\u00f6scht. Daten, deren weitere \nAufbewahrung zu Beweiszwecken erforderlich ist, sind bis zur endg\u00fcltigen\n Kl\u00e4rung des jeweiligen Vorfalls von der L\u00f6schung ausgenommen.<\/p>\n\n\n\n<p><a href=\"https:\/\/datenschutz-generator.de\" rel=\"noreferrer noopener\" target=\"_blank\">Datenschutzerkl\u00e4rung erstellt mit Datenschutz-Generator.de von RA Dr. Thomas Schwenke<\/a>&nbsp;<\/p>\n\n\n\n<p><a href=\"http:\/\/www.juraforum.de\/disclaimer_muster\/\" target=\"_blank\" rel=\"noreferrer noopener\">Disclaimer<\/a> pr\u00e4sentiert von Juraforum.de &amp; Experten-Branchenbuch.de<\/p>\n","protected":false},"excerpt":{"rendered":"<p>Diese Seite wird betrieben von: Heimatverein Hauenhorst\/Catenhorn e.V. &#8220;Unser Dorf soll sch\u00f6ner werden&#8221; Bauerschaftsstra\u00dfe 1 48432 Rheine Telefon: 05971 \/ 5 51 13 E-Mail: heimatverein@hauenhorst.de Gemeinschaftlich vertretungsbefugt: 1. VorsitzenderAndreas GalleAnemonenweg 1048432 RheineTelefon 05971 \/ 1 03 58E-Mail: andreas.galle@hauenhorst.de 2. VorsitzendeAnna <a class=\"more-link\" href=\"https:\/\/www.heimatverein-hauenhorst.de\/?page_id=3\">Weiterlesen\u00a0\u2026<\/a><\/p>\n","protected":false},"author":1,"featured_media":0,"parent":0,"menu_order":6,"comment_status":"closed","ping_status":"closed","template":"","meta":{"ngg_post_thumbnail":0,"footnotes":""},"class_list":["post-3","page","type-page","status-publish","hentry"],"_links":{"self":[{"href":"https:\/\/www.heimatverein-hauenhorst.de\/index.php?rest_route=\/wp\/v2\/pages\/3","targetHints":{"allow":["GET"]}}],"collection":[{"href":"https:\/\/www.heimatverein-hauenhorst.de\/index.php?rest_route=\/wp\/v2\/pages"}],"about":[{"href":"https:\/\/www.heimatverein-hauenhorst.de\/index.php?rest_route=\/wp\/v2\/types\/page"}],"author":[{"embeddable":true,"href":"https:\/\/www.heimatverein-hauenhorst.de\/index.php?rest_route=\/wp\/v2\/users\/1"}],"replies":[{"embeddable":true,"href":"https:\/\/www.heimatverein-hauenhorst.de\/index.php?rest_route=%2Fwp%2Fv2%2Fcomments&post=3"}],"version-history":[{"count":6,"href":"https:\/\/www.heimatverein-hauenhorst.de\/index.php?rest_route=\/wp\/v2\/pages\/3\/revisions"}],"predecessor-version":[{"id":425,"href":"https:\/\/www.heimatverein-hauenhorst.de\/index.php?rest_route=\/wp\/v2\/pages\/3\/revisions\/425"}],"wp:attachment":[{"href":"https:\/\/www.heimatverein-hauenhorst.de\/index.php?rest_route=%2Fwp%2Fv2%2Fmedia&parent=3"}],"curies":[{"name":"wp","href":"https:\/\/api.w.org\/{rel}","templated":true}]}}