{"id":171,"date":"2020-08-02T21:01:39","date_gmt":"2020-08-02T19:01:39","guid":{"rendered":"http:\/\/wordpress.heimatverein-hauenhorst.de\/?page_id=171"},"modified":"2020-08-17T21:58:05","modified_gmt":"2020-08-17T19:58:05","slug":"insektenhotel-und-blumenwiese","status":"publish","type":"page","link":"https:\/\/www.heimatverein-hauenhorst.de\/?page_id=171","title":{"rendered":"Insektenhotel und Blumenwiese"},"content":{"rendered":"\n<p>Die Stadt Rheine rief im Jahr am 25. Februar 2011 unter dem Motto &#8220;Gemeinsam Zukunft gestalten im Natur-, Umwelt- und Klimaschutz&#8221; den Stadtteilwettbewerb 2011 aus. <\/p>\n\n\n\n<p>Von 28 Beitr\u00e4gen wurden am 11. Juli 2011 14 Projekte zur Teilnahme ausgew\u00e4hlt. Sie wurden wiederum mit einer Anschubfinanzierung ausgestattet und hatten bis zum Fr\u00fchjahr 2012 Zeit, ihre Ideen umzusetzen. Eine Fest- und Pr\u00e4mierungsveranstaltung beendete diesenWettbewerb am 29. April 2012 im TaT-Zentrum Rheine.<\/p>\n\n\n\n<p>Der Heimatverein errichtete als Kooperationspartner im Jahr 2012 auf seinem Gel\u00e4nde ein gro\u00dfes Insektenhotel im Fachwerkstil und s\u00e4te eine Blumenwiese aus. Am 22. April 2012 fand die Einweihung statt. Seitdem bietet das Insektenhotel vielen Hummeln, Bienen, Fliegen oder Ohrw\u00fcrmern eine Nistm\u00f6glichkeit.<\/p>\n\n\n\n<figure class=\"wp-block-image size-large\"><img loading=\"lazy\" decoding=\"async\" width=\"1024\" height=\"580\" src=\"http:\/\/wordpress.heimatverein-hauenhorst.de\/wp-content\/uploads\/2020\/08\/001Insektenhotels.jpg\" alt=\"\" class=\"wp-image-174\" srcset=\"https:\/\/www.heimatverein-hauenhorst.de\/wp-content\/uploads\/2020\/08\/001Insektenhotels.jpg 1024w, https:\/\/www.heimatverein-hauenhorst.de\/wp-content\/uploads\/2020\/08\/001Insektenhotels-300x170.jpg 300w, https:\/\/www.heimatverein-hauenhorst.de\/wp-content\/uploads\/2020\/08\/001Insektenhotels-768x435.jpg 768w\" sizes=\"auto, (max-width: 1024px) 100vw, 1024px\" \/><figcaption>Viele G\u00e4ste waren zur Einweihung des Insektenhotels mit dem Rad gekommen.<\/figcaption><\/figure>\n\n\n\n<figure class=\"wp-block-image size-large\"><img loading=\"lazy\" decoding=\"async\" width=\"1024\" height=\"580\" src=\"http:\/\/wordpress.heimatverein-hauenhorst.de\/wp-content\/uploads\/2020\/08\/002Insektenhotels.jpg\" alt=\"\" class=\"wp-image-175\" srcset=\"https:\/\/www.heimatverein-hauenhorst.de\/wp-content\/uploads\/2020\/08\/002Insektenhotels.jpg 1024w, https:\/\/www.heimatverein-hauenhorst.de\/wp-content\/uploads\/2020\/08\/002Insektenhotels-300x170.jpg 300w, https:\/\/www.heimatverein-hauenhorst.de\/wp-content\/uploads\/2020\/08\/002Insektenhotels-768x435.jpg 768w\" sizes=\"auto, (max-width: 1024px) 100vw, 1024px\" \/><figcaption>Die Kooperationspartner stellten sich mit dem Stadtteilbeirat zum Pressefoto auf.<\/figcaption><\/figure>\n\n\n\n<p><\/p>\n","protected":false},"excerpt":{"rendered":"<p>Die Stadt Rheine rief im Jahr am 25. Februar 2011 unter dem Motto &#8220;Gemeinsam Zukunft gestalten im Natur-, Umwelt- und Klimaschutz&#8221; den Stadtteilwettbewerb 2011 aus. Von 28 Beitr\u00e4gen wurden am 11. Juli 2011 14 Projekte zur Teilnahme ausgew\u00e4hlt. Sie wurden <a class=\"more-link\" href=\"https:\/\/www.heimatverein-hauenhorst.de\/?page_id=171\">Weiterlesen\u00a0\u2026<\/a><\/p>\n","protected":false},"author":1,"featured_media":212,"parent":71,"menu_order":8,"comment_status":"closed","ping_status":"closed","template":"","meta":{"ngg_post_thumbnail":0,"footnotes":""},"class_list":["post-171","page","type-page","status-publish","has-post-thumbnail","hentry"],"_links":{"self":[{"href":"https:\/\/www.heimatverein-hauenhorst.de\/index.php?rest_route=\/wp\/v2\/pages\/171","targetHints":{"allow":["GET"]}}],"collection":[{"href":"https:\/\/www.heimatverein-hauenhorst.de\/index.php?rest_route=\/wp\/v2\/pages"}],"about":[{"href":"https:\/\/www.heimatverein-hauenhorst.de\/index.php?rest_route=\/wp\/v2\/types\/page"}],"author":[{"embeddable":true,"href":"https:\/\/www.heimatverein-hauenhorst.de\/index.php?rest_route=\/wp\/v2\/users\/1"}],"replies":[{"embeddable":true,"href":"https:\/\/www.heimatverein-hauenhorst.de\/index.php?rest_route=%2Fwp%2Fv2%2Fcomments&post=171"}],"version-history":[{"count":4,"href":"https:\/\/www.heimatverein-hauenhorst.de\/index.php?rest_route=\/wp\/v2\/pages\/171\/revisions"}],"predecessor-version":[{"id":220,"href":"https:\/\/www.heimatverein-hauenhorst.de\/index.php?rest_route=\/wp\/v2\/pages\/171\/revisions\/220"}],"up":[{"embeddable":true,"href":"https:\/\/www.heimatverein-hauenhorst.de\/index.php?rest_route=\/wp\/v2\/pages\/71"}],"wp:featuredmedia":[{"embeddable":true,"href":"https:\/\/www.heimatverein-hauenhorst.de\/index.php?rest_route=\/wp\/v2\/media\/212"}],"wp:attachment":[{"href":"https:\/\/www.heimatverein-hauenhorst.de\/index.php?rest_route=%2Fwp%2Fv2%2Fmedia&parent=171"}],"curies":[{"name":"wp","href":"https:\/\/api.w.org\/{rel}","templated":true}]}}