{"id":164,"date":"2020-06-14T17:51:27","date_gmt":"2020-06-14T17:51:27","guid":{"rendered":"http:\/\/wordpress.heimatverein-hauenhorst.de\/?page_id=164"},"modified":"2025-11-26T11:27:15","modified_gmt":"2025-11-26T10:27:15","slug":"volkstanzgruppe-de-kueoettersluede","status":"publish","type":"page","link":"https:\/\/www.heimatverein-hauenhorst.de\/?page_id=164","title":{"rendered":"Volkstanzgruppe &#8220;De K\u00fc\u00f6ttersl\u00fcde&#8221;"},"content":{"rendered":"\n<p><\/p>\n\n\n\n<p>Die Gruppe wurde am 08.01.1983 gegr\u00fcndet und bestand bis zur Coronazeit 2020. \u00dcber lange Zeit gab es zwei Gruppen, eine f\u00fcr Erwachsene und eine f\u00fcr Senioren. Der Name der Gruppe war die niederdeutsche Bezeichnung f\u00fcr Kleinbauern, wie es sie in unserer Gegend in gro\u00dfer Anzahl gegeben hat. Heute w\u00fcrde man &#8220;Nebenerwerbslandwirt&#8221; sagen.<\/p>\n\n\n\n<p>Die Tracht der Gruppe war eine auf dem Lande im M\u00fcnsterland \u00fcbliche Arbeitstracht dieser Kleinbauern. Die Frauen trugen einen sogenannten &#8220;Schlapphut&#8221;, ein mit Peddigrohr verst\u00e4rktes Kopftuch, dass das Gesicht vor allzu vielen Sonnenstrahlen sch\u00fctzen sollte, Schultert\u00fccher, wei\u00dfe Blusen, lange dunkle R\u00f6cke und eine blaue Arbeitssch\u00fcrze. Die M\u00e4nner trugen je nach Witterung, blaue Arbeitskittel oder schwarze Tuchwesten, rote Halst\u00fccher, wei\u00dfe Hemden, schwarze &#8220;Manchesterbuxen&#8221; (Cordhosen) und eine Schirmm\u00fctze als Kopfbedeckung. Diese Trachten sind \u00fcberwiegend Originaltrachtenst\u00fccken nachgeschneidert.<\/p>\n\n\n\n<p>Internationale Begegnungen hatte die Gruppe bisher in Frankreich, den Niederlanden, der Tschechei und in Deutschland. Engere Gruppenkontakte bestehen zu einer fr\u00e4nkischen Trachtengruppe in Burgsinn (Spessart), einer bayrischen Trachtengruppe in Rosenheim und zu einer sorbischen Trachtengruppe in Spremberg (Niederlaussitz).<\/p>\n\n\n\n<p>Die Gruppe veranstaltete j\u00e4hrlich das Maibaumaufstellen und eine Volkstanzparty im Hauenhorster Heimathaus. Hierzu wurden benachbarte Gruppen eingeladen. Zum 10-j\u00e4hrigen Bestehen der Gruppe im Jahre 1993 fand eine internationale Begegnung statt, zu der Gruppen aus England, Belgien, Niederlande und deutsche Gruppen aus Hessen, Bayern und Westfalen eingeladen waren und in der Stadthalle Rheine auftraten.<\/p>\n\n\n\n<p>Die Gruppe trat \u00fcberwiegend in der n\u00e4heren Umgebung von Rheine zu den verschiedensten Anl\u00e4ssen auf, z.B. Stadtfeste, Folklorefestivals, Volkstanztreffen, Familienfeste, Jubil\u00e4en, Besuche in Seniorenheimen.<\/p>\n","protected":false},"excerpt":{"rendered":"<p>Die Gruppe wurde am 08.01.1983 gegr\u00fcndet und bestand bis zur Coronazeit 2020. \u00dcber lange Zeit gab es zwei Gruppen, eine f\u00fcr Erwachsene und eine f\u00fcr Senioren. Der Name der Gruppe war die niederdeutsche Bezeichnung f\u00fcr Kleinbauern, wie es sie in <a class=\"more-link\" href=\"https:\/\/www.heimatverein-hauenhorst.de\/?page_id=164\">Weiterlesen\u00a0\u2026<\/a><\/p>\n","protected":false},"author":1,"featured_media":208,"parent":2,"menu_order":6,"comment_status":"closed","ping_status":"closed","template":"","meta":{"ngg_post_thumbnail":0,"footnotes":""},"class_list":["post-164","page","type-page","status-publish","has-post-thumbnail","hentry"],"_links":{"self":[{"href":"https:\/\/www.heimatverein-hauenhorst.de\/index.php?rest_route=\/wp\/v2\/pages\/164","targetHints":{"allow":["GET"]}}],"collection":[{"href":"https:\/\/www.heimatverein-hauenhorst.de\/index.php?rest_route=\/wp\/v2\/pages"}],"about":[{"href":"https:\/\/www.heimatverein-hauenhorst.de\/index.php?rest_route=\/wp\/v2\/types\/page"}],"author":[{"embeddable":true,"href":"https:\/\/www.heimatverein-hauenhorst.de\/index.php?rest_route=\/wp\/v2\/users\/1"}],"replies":[{"embeddable":true,"href":"https:\/\/www.heimatverein-hauenhorst.de\/index.php?rest_route=%2Fwp%2Fv2%2Fcomments&post=164"}],"version-history":[{"count":2,"href":"https:\/\/www.heimatverein-hauenhorst.de\/index.php?rest_route=\/wp\/v2\/pages\/164\/revisions"}],"predecessor-version":[{"id":897,"href":"https:\/\/www.heimatverein-hauenhorst.de\/index.php?rest_route=\/wp\/v2\/pages\/164\/revisions\/897"}],"up":[{"embeddable":true,"href":"https:\/\/www.heimatverein-hauenhorst.de\/index.php?rest_route=\/wp\/v2\/pages\/2"}],"wp:featuredmedia":[{"embeddable":true,"href":"https:\/\/www.heimatverein-hauenhorst.de\/index.php?rest_route=\/wp\/v2\/media\/208"}],"wp:attachment":[{"href":"https:\/\/www.heimatverein-hauenhorst.de\/index.php?rest_route=%2Fwp%2Fv2%2Fmedia&parent=164"}],"curies":[{"name":"wp","href":"https:\/\/api.w.org\/{rel}","templated":true}]}}