{"id":159,"date":"2020-06-14T17:48:46","date_gmt":"2020-06-14T17:48:46","guid":{"rendered":"http:\/\/wordpress.heimatverein-hauenhorst.de\/?page_id=159"},"modified":"2020-08-09T19:37:53","modified_gmt":"2020-08-09T17:37:53","slug":"knueppeltruppe","status":"publish","type":"page","link":"https:\/\/www.heimatverein-hauenhorst.de\/?page_id=159","title":{"rendered":"Kn\u00fcppeltruppe"},"content":{"rendered":"\n<p>Das gro\u00dfe Gel\u00e4nde des Heimatvereins am Dorfplatz bedarf einer intensiven Pflege. Hecken m\u00fcssen gestutzt, Gr\u00fcnstreifen zur\u00fcckgeschnitten und der Rasen regelm\u00e4\u00dfig gem\u00e4ht werden. Zum Gl\u00fcck gr\u00fcndete sich unter Anregung des damaliegen ersten Vorsitzenden Norbert Aue in den Jahren 2011 und 2012 mit Ludger Quiter und Franz-Josef Volkert eine Helfergruppe, die diese Herausforderungen annahmen. Klaus Roeder und Karl-Heinz Metzger kamen kurz danach dazu. Seitdem wird immer am Dienstagvormittag flei\u00dfig angepackt.<br>Viele Aktivit\u00e4ten sind seither geschehen. Die gro\u00dfe Remise wurde aufger\u00e4umt und die Ger\u00e4tschaften begutachtet, repariert und ordentlich sowie fachgerecht positioniert. Weitere Ger\u00e4tschaften wurden auf dem Gel\u00e4nde verteilt, so dass der Eindruck einer historischen Hofanlage \u2013 so wie man sie sich vorstellt \u2013 entsteht. Viele Freifl\u00e4chen belegte man zun\u00e4chst mit Folien und danach mit Sandsteinschotter. Danach wurden die Ger\u00e4te dort aufgestellt und gesichert. Auch werden alle Wallhecken regelm\u00e4\u00dfig \u201eauf den Stock\u201c gesetzt, also kr\u00e4ftig beschnitten, damit das Gel\u00e4nde wieder \u00fcbersichtlich wird. Am sp\u00e4ten Vormittag wird meistens eine Pause eingelegt und \u00fcber weitere Projekte gesprochen. Das Gesellige geh\u00f6rt auf jeden Fall dazu.<\/p>\n\n\n\n<p>F\u00fcr dieses gro\u00dfe ehrenamtliche Engagement wurde die \u201eKn\u00fcppeltruppe\u201c am 4. Dezember 2016 vom B\u00fcrgermeister der Stadt Rheine, Dr. Peter L\u00fcttmann mit dem B\u00fcrgerpreis der Stadt Rheine ausgezeichnet.<\/p>\n\n\n\n<p><\/p>\n","protected":false},"excerpt":{"rendered":"<p>Das gro\u00dfe Gel\u00e4nde des Heimatvereins am Dorfplatz bedarf einer intensiven Pflege. Hecken m\u00fcssen gestutzt, Gr\u00fcnstreifen zur\u00fcckgeschnitten und der Rasen regelm\u00e4\u00dfig gem\u00e4ht werden. Zum Gl\u00fcck gr\u00fcndete sich unter Anregung des damaliegen ersten Vorsitzenden Norbert Aue in den Jahren 2011 und 2012 <a class=\"more-link\" href=\"https:\/\/www.heimatverein-hauenhorst.de\/?page_id=159\">Weiterlesen\u00a0\u2026<\/a><\/p>\n","protected":false},"author":1,"featured_media":160,"parent":2,"menu_order":5,"comment_status":"closed","ping_status":"closed","template":"","meta":{"ngg_post_thumbnail":0,"footnotes":""},"class_list":["post-159","page","type-page","status-publish","has-post-thumbnail","hentry"],"_links":{"self":[{"href":"https:\/\/www.heimatverein-hauenhorst.de\/index.php?rest_route=\/wp\/v2\/pages\/159","targetHints":{"allow":["GET"]}}],"collection":[{"href":"https:\/\/www.heimatverein-hauenhorst.de\/index.php?rest_route=\/wp\/v2\/pages"}],"about":[{"href":"https:\/\/www.heimatverein-hauenhorst.de\/index.php?rest_route=\/wp\/v2\/types\/page"}],"author":[{"embeddable":true,"href":"https:\/\/www.heimatverein-hauenhorst.de\/index.php?rest_route=\/wp\/v2\/users\/1"}],"replies":[{"embeddable":true,"href":"https:\/\/www.heimatverein-hauenhorst.de\/index.php?rest_route=%2Fwp%2Fv2%2Fcomments&post=159"}],"version-history":[{"count":5,"href":"https:\/\/www.heimatverein-hauenhorst.de\/index.php?rest_route=\/wp\/v2\/pages\/159\/revisions"}],"predecessor-version":[{"id":207,"href":"https:\/\/www.heimatverein-hauenhorst.de\/index.php?rest_route=\/wp\/v2\/pages\/159\/revisions\/207"}],"up":[{"embeddable":true,"href":"https:\/\/www.heimatverein-hauenhorst.de\/index.php?rest_route=\/wp\/v2\/pages\/2"}],"wp:featuredmedia":[{"embeddable":true,"href":"https:\/\/www.heimatverein-hauenhorst.de\/index.php?rest_route=\/wp\/v2\/media\/160"}],"wp:attachment":[{"href":"https:\/\/www.heimatverein-hauenhorst.de\/index.php?rest_route=%2Fwp%2Fv2%2Fmedia&parent=159"}],"curies":[{"name":"wp","href":"https:\/\/api.w.org\/{rel}","templated":true}]}}