{"id":155,"date":"2020-06-14T17:36:44","date_gmt":"2020-06-14T17:36:44","guid":{"rendered":"http:\/\/wordpress.heimatverein-hauenhorst.de\/?page_id=155"},"modified":"2020-08-17T21:59:03","modified_gmt":"2020-08-17T19:59:03","slug":"kiepenkerl","status":"publish","type":"page","link":"https:\/\/www.heimatverein-hauenhorst.de\/?page_id=155","title":{"rendered":"Kiepenkerl"},"content":{"rendered":"\n<p>Kiepenkerle waren die umherziehenden H\u00e4ndler im niederdeutschen Sprachgebiet. Der Name leitete sich vom Korb ab, den sie auf dem R\u00fccken trugen &#8211; die Kiepe. Meist bestand sie aus Holz und Korbgeflecht. Dazu trugen die Kiepenkerle eine M\u00fctze, Pfeife, einen blauen Kittel und einen Stock sowie Holzschuhe.<\/p>\n\n\n\n<p>Auch der Heimatverein Hauenhorst\/Catenhorn ist froh, einen Kiepenkerl in seinen Reihen zu haben. Seit vielen Jahren ist Heinz Hagemeier im Namen des Vereins unterwegs und vertritt den Verein auf den regelm\u00e4\u00dfigen Versammlungen der Kiepenkerle. Au\u00dferdem begr\u00fc\u00dft er auf vielen Veranstaltungen die Teilnehmer mit einem Schluck traditiollen Korn aus dem L\u00f6ffel.<\/p>\n","protected":false},"excerpt":{"rendered":"<p>Kiepenkerle waren die umherziehenden H\u00e4ndler im niederdeutschen Sprachgebiet. Der Name leitete sich vom Korb ab, den sie auf dem R\u00fccken trugen &#8211; die Kiepe. Meist bestand sie aus Holz und Korbgeflecht. Dazu trugen die Kiepenkerle eine M\u00fctze, Pfeife, einen blauen <a class=\"more-link\" href=\"https:\/\/www.heimatverein-hauenhorst.de\/?page_id=155\">Weiterlesen\u00a0\u2026<\/a><\/p>\n","protected":false},"author":1,"featured_media":217,"parent":2,"menu_order":4,"comment_status":"closed","ping_status":"closed","template":"","meta":{"ngg_post_thumbnail":0,"footnotes":""},"class_list":["post-155","page","type-page","status-publish","has-post-thumbnail","hentry"],"_links":{"self":[{"href":"https:\/\/www.heimatverein-hauenhorst.de\/index.php?rest_route=\/wp\/v2\/pages\/155","targetHints":{"allow":["GET"]}}],"collection":[{"href":"https:\/\/www.heimatverein-hauenhorst.de\/index.php?rest_route=\/wp\/v2\/pages"}],"about":[{"href":"https:\/\/www.heimatverein-hauenhorst.de\/index.php?rest_route=\/wp\/v2\/types\/page"}],"author":[{"embeddable":true,"href":"https:\/\/www.heimatverein-hauenhorst.de\/index.php?rest_route=\/wp\/v2\/users\/1"}],"replies":[{"embeddable":true,"href":"https:\/\/www.heimatverein-hauenhorst.de\/index.php?rest_route=%2Fwp%2Fv2%2Fcomments&post=155"}],"version-history":[{"count":2,"href":"https:\/\/www.heimatverein-hauenhorst.de\/index.php?rest_route=\/wp\/v2\/pages\/155\/revisions"}],"predecessor-version":[{"id":204,"href":"https:\/\/www.heimatverein-hauenhorst.de\/index.php?rest_route=\/wp\/v2\/pages\/155\/revisions\/204"}],"up":[{"embeddable":true,"href":"https:\/\/www.heimatverein-hauenhorst.de\/index.php?rest_route=\/wp\/v2\/pages\/2"}],"wp:featuredmedia":[{"embeddable":true,"href":"https:\/\/www.heimatverein-hauenhorst.de\/index.php?rest_route=\/wp\/v2\/media\/217"}],"wp:attachment":[{"href":"https:\/\/www.heimatverein-hauenhorst.de\/index.php?rest_route=%2Fwp%2Fv2%2Fmedia&parent=155"}],"curies":[{"name":"wp","href":"https:\/\/api.w.org\/{rel}","templated":true}]}}