{"id":135,"date":"2019-10-22T19:31:16","date_gmt":"2019-10-22T19:31:16","guid":{"rendered":"http:\/\/wordpress.heimatverein-hauenhorst.de\/?page_id=135"},"modified":"2020-08-02T21:36:03","modified_gmt":"2020-08-02T21:36:03","slug":"der-heimatverein-hauenhorst-catenhorn","status":"publish","type":"page","link":"https:\/\/www.heimatverein-hauenhorst.de\/?page_id=135","title":{"rendered":"Der Heimatverein Hauenhorst\/Catenhorn"},"content":{"rendered":"\n<p>Seitdem viele B\u00fcrger in den Jahren nach 1965 dem zweifellos ruhigeren Wohnen und Leben auf dem Lande in d\u00f6rflicher Umgebung den Vorzug gaben, war f\u00fcr Hauenhorst und Catenhorn der Zeitpunkt gekommen, seinen Dornr\u00f6schenschlaf zu beenden und den zuk\u00fcnftigen Neub\u00fcrgern zu zeigen, was in den Ortsteilen steckte. Es galt, neben der bisherigen I\u00e4ndlichen Beschaulichkeit und vertr\u00e4umten Idylle einen weiteren Akzent zu setzen, kurz- den Gemeindeteilen Hauenhorst\/Catenhorn ein Image der \nFortschrittlichkeit und einer neuen Selbstwertsch\u00e4tzung zu geben.\nSo etablierte sich nach mehreren B\u00fcrgerversammlungen, die sich mit \ndiesem Thema befa\u00dft hatten, im Jahre 1971 eine neunk\u00f6pfige Gruppe um das\n heutige Ratsmitglied Heinz Hagemeier. Dieses Versch\u00f6nerungskomitee \nbestand aus Hauenhorster B\u00fcrgern aller Berufs- und Altersstufen, \nbezeichnete sich als &#8220;Aktionskomitee: Unser Dorf soll sch\u00f6ner werden&#8221; \nund stellte sich gleich zu Beginn die nicht leichte Aufgabe, den Ort auf\n den Kreiswettbewerb gleichen Namens vorzubereiten und zum \ngr\u00f6\u00dftm\u00f6glichen Erfolg zu f\u00fchren. Nat\u00fcrlich war aller Anfang schwer. \nMitleidiges L\u00e4cheln und stirnrunzelndes Kopfsch\u00fctteln der &#8220;Paohlb\u00fcrger&#8221; \nbegleitete das &#8220;F\u00e4hnlein der 9 Aufrechten&#8221;, wenn es sich nach Feierabend\n oder an Samstagen an irgendeiner Stelle des Dorfes zusammenfand, um \ndiese mit Hacke und Spaten, Beil und S\u00e4ge, Trecker und Wagen von M\u00fcll \nund Gestr\u00fcpp zu s\u00e4ubern, Pflaster zu legen und mit B\u00e4umen, Str\u00e4uchern \nund Blumen zu bepflanzen. Es gab viele Ecken und Winkel, die es wert \nwaren, derma\u00dfen instandgesetzt zu werden, denn Hauenhorst und Catenhorn \nwaren und sind auch noch heute reich an nat\u00fcrlichen Wegrainen und \nWaldwinkeln. Wo nichts neu zu pflanzen war, wurde zumindest eine Bank \noder ein (selbstgebauter) Blumenk\u00fcbel aufgestellt oder eine vorhandene \nGr\u00fcnanlage gepflegt.<\/p>\n\n\n\n<p>Das alles ging nat\u00fcrlich nur nach Absprache mit der damals noch zust\u00e4ndigen &#8220;Amtsverwaltung Rheine&#8221;, welche fast immer mit wohlwollender Zustimmung reagierte und manchmal auch mit bescheidener finanzieller Hilfe ihr Einverst\u00e4ndnis zu den einzelnen Aktionen signalisierte. Die anf\u00e4nglich ablehnende Zur\u00fcckhaltung der B\u00fcrger wich langsam aber stetig wachsendem, neugierigem Interesse, wie es wohl weitergehen w\u00fcrde mit den &#8220;paar Leuten, die unbedingt was Neues&#8221; anfangen wollten. Und es ging weiter. Die Verantwortlichen des Aktionskomitees verstanden es, die Einwohner behutsam und allm\u00e4hlich f\u00fcr die Belange einer B\u00fcrgerinitiative zu begeistern. die sich die Steigerung des Wohnwertes f\u00fcr die Gemeinschaft zur Aufgabe gemacht hatte. So wurden von namhaften Experten Vortr\u00e4ge \u00fcber Gartenanlage und Pflege gehalten, ein j\u00e4hrlicher Vorgartenwettbewerb durchgef\u00fchrt, eine Sperrm\u00fcllaktion organisiert und ein weithin sichtbarer, beleuchteter Weihnachtsbaum im Dezember in der Dorfmitte aufgestellt.<\/p>\n\n\n\n<p>Die geplante Neugliederung, die Rheine links und rechts der Ems zusammenschlie\u00dfen sollte, war f\u00fcr das Aktionskomitee Anla\u00df, an den Hauptstra\u00dfen in wochenlanger, m\u00fchseliger Arbeit vier riesige Findlinge mit dem Schriftzug &#8220;Hauenhorst&#8221; aufzustellen, verbunden mit einer kleinen Vorpflanzung von Koniferen und Blumenstauden. Ein Wink mit dem Zaunpfahl, Hauenhorst nicht in Vergessenheit geraten zu lassen? &#8211; Wer wei\u00df!<\/p>\n\n\n\n<p>So war es schlie\u00dflich ein erster kleiner Lohn f\u00fcr die ehrenamtliche  T\u00e4tigkeit des inzwischen zw\u00f6lfk\u00f6pfigen Aktionskomitees, da\u00df Hauenhorst  in zwei Kreiswettbewerben jeweils den zweiten Platz erringen konnte. Ein besonderes Kapitel schlug man beim Aktionskomitee mit der  Ausrichtung der &#8220;Kutschensternfahrt des Kreises Steinfurt&#8221; auf die seit  Beginn im Jahre 1971 unter der Schirmherrschaft von Herrn Kreisdirektor  Dr. Schmiese stand und aus kleinsten Anf\u00e4ngen inzwischen zu einem  wichtigen und weithin bekannten reiterlichen Ereignis und zu einem  Treffpunkt f\u00fcr Pferdesportfreunde aus dem Kreisgebiet geworden war. Alle  diese eifrigen Aktivit\u00e4ten hinterlie\u00dfen nat\u00fcrlich im Dorf ihre  positiven Spuren. Die B\u00fcrger erkannten: Hier tut man was f\u00fcr unser Dorf,  und nahmen inzwischen regen Anteil an den Leistungen der zw\u00f6lf M\u00e4nner.  Die Eigeninitiative der Haus- und Gartenbesitzer bekam neue Impulse, was  sich durchweg g\u00fcnstig auf Gestaltung und Pflege der Vorg\u00e4rten und  Grundst\u00fccke auswirkte.<\/p>\n\n\n\n<p>Die Anforderungen an das Aktionskomitee stiegen. Im Kreise der  Mitglieder wurde beraten, wie sowohl die erh\u00f6hten Leistungsanspr\u00fcche als  auch die rechtlichen Grundlagen einer solchen &#8220;Arbeitsgemeinschaft&#8221; in  Zukunft zum Wohl des Dorfes noch besser erf\u00fcllt k\u00f6nnten. Der Beschlu\u00df,  das Aktionskomitee aufzul\u00f6sen und einen Heimatverein zu gr\u00fcnden fiel  daher nicht besonders schwer. Die Aufgaben und Ziele des Komitees  sollten in der bisherigen Art und Weise fortgef\u00fchrt werden. Als \u00e4u\u00dfere  Manifestation dieses Beschlusses nannte sich der im Dezember 1975  gegr\u00fcndete Verein: Heimatverein Hauenhorst\/Catenhorn &#8220;Unser Dorf soll  sch\u00f6ner werden.&#8221; Da\u00df der Boden f\u00fcr die Gr\u00fcndung eines derartigen Vereins wohl  vorbereitet war, zeigte sich an der Tatsache, da\u00df bei der  Gr\u00fcndungsversammlung bereits 56 Mitglieder verzeichnet wurden. Die Versammlung w\u00e4hlte einige ehemalige Mitglieder des aufgel\u00f6sten  Aktionskomitees in den Vorstand, die durch die bisherige Arbeit zur  F\u00fchrung des Vereins geeignet schienen. Das Amt des 1. und 2.  Vorsitzenden bekleideten seitdem Josef Galle und Heinz Hagemeier,  Kassierer war Wilhelm Janning, und als Schriftf\u00fchrer fungierte zu Beginn  Volkmar Thiede&#8221; dann Fritz B\u00fcrgermeister.<\/p>\n\n\n\n<p>Um dem stark erweiterten Aufgabengebiet eines Heimatvereins besser \nentsprechen zu k\u00f6nnen, wurden im erweiterten Vorstand spezielle \nArbeitsgruppen gebildet. So war Bernhard Laackman sen. zust\u00e4ndig f\u00fcr \nVersch\u00f6nerungsaktionen, Theo Gl\u00f6sek\u00f6tter verantwortlich f\u00fcr die \nKutschensternfahrt, und Roswitha Kubelka l\u00f6ste Dieter Kleine-Frauns auf \ndem Gebiet des Vorgartenwettbewerbs ab. F\u00fcr die Erfassung der \nHauenhorster und Catenhorner Historie gab es prominente B\u00fcrger. Auch ein\n Hauenhorster\/Catenhorner war dabei: Heinrich Mevenkamp. Bei uns tat es \nRektor Josef D\u00fcttmann, bei ihm war die Geschichte unserer engsten Heimat\n in guten H\u00e4nden.<\/p>\n\n\n\n<p>Dem Gr\u00fcndungsjahr 1975 folgten bisher drei Jahre st\u00e4rksten \nMitgliederzuwachses. Stolz konnte der Heimatverein auf diese Zahl sein: \nNach dreieinhalb Jahren waren mehr als 280 B\u00fcrger Mitglied im \nHeimatverein geworden. Diese Zahl bedeutete f\u00fcr einen jungen Verein \nnicht nur Ansporn, sondern auch Verpflichtung, denn mit der Zahl der \nMitglieder ist auch die Qualit\u00e4t der Anforderungen gewachsen. Da\u00df der \nHeimatverein nicht nur die bisherigen Aufgaben und Pflichten \u00fcbernahm, \nsondern zus\u00e4tzlich von den Mitgliedern erwartete Veranstaltungen \ngeselliger und kultureller Art anbieten konnte, war u. a. auch ein \nVerdienst des Organisators Volkmar Thiede. So wechselten Dorfabende, \nVolksmusik und -tanz, Pflege der plattdeutschen Mundart, Wanderungen, \nFahrradtouren, Bus- und Besichtigungsfahrten miteinander ab und \ngestalteten so ein abwechslungsreiches Jahresprogramm, das bem\u00fcht war, \nf\u00fcr jeden Geschmack das Richtige zu bieten.<\/p>\n\n\n\n<p>Jedoch bed\u00fcrfen Anregungen und Pl\u00e4ne zur Verwirklichung der \ntatkr\u00e4ftigen ideellen &#8220;R\u00fcckenst\u00e4rkung&#8221; und materiellen Mithilfe durch \nMitglieder, Freunde und G\u00f6nner. Leistungen, zu denen unsere \nNachbarvereine Jahre und Jahrzehnte ben\u00f6tigten, in wenigen Jahren \nnachvollziehen zu k\u00f6nnen, ma\u00dften wir uns nicht an. Darum schauen wir \nauch neidlos und voll Achtung auf die anderen Vereine, die sich ihre \n&#8220;Geschichte&#8221; und &#8220;Geschichten&#8221; bereits erworben haben.<\/p>\n\n\n\n<p>Der Heimatverein Hauenhorst\/Catenhorn e. V. ist willens, durch sein  Wirken eigene Geschichte zu machen. Die Aussichten daf\u00fcr sind gut.<\/p>\n\n\n\n<p>Josef Galle<\/p>\n","protected":false},"excerpt":{"rendered":"<p>Seitdem viele B\u00fcrger in den Jahren nach 1965 dem zweifellos ruhigeren Wohnen und Leben auf dem Lande in d\u00f6rflicher Umgebung den Vorzug gaben, war f\u00fcr Hauenhorst und Catenhorn der Zeitpunkt gekommen, seinen Dornr\u00f6schenschlaf zu beenden und den zuk\u00fcnftigen Neub\u00fcrgern zu <a class=\"more-link\" href=\"https:\/\/www.heimatverein-hauenhorst.de\/?page_id=135\">Weiterlesen\u00a0\u2026<\/a><\/p>\n","protected":false},"author":1,"featured_media":0,"parent":73,"menu_order":0,"comment_status":"closed","ping_status":"closed","template":"","meta":{"ngg_post_thumbnail":0,"footnotes":""},"class_list":["post-135","page","type-page","status-publish","hentry"],"_links":{"self":[{"href":"https:\/\/www.heimatverein-hauenhorst.de\/index.php?rest_route=\/wp\/v2\/pages\/135","targetHints":{"allow":["GET"]}}],"collection":[{"href":"https:\/\/www.heimatverein-hauenhorst.de\/index.php?rest_route=\/wp\/v2\/pages"}],"about":[{"href":"https:\/\/www.heimatverein-hauenhorst.de\/index.php?rest_route=\/wp\/v2\/types\/page"}],"author":[{"embeddable":true,"href":"https:\/\/www.heimatverein-hauenhorst.de\/index.php?rest_route=\/wp\/v2\/users\/1"}],"replies":[{"embeddable":true,"href":"https:\/\/www.heimatverein-hauenhorst.de\/index.php?rest_route=%2Fwp%2Fv2%2Fcomments&post=135"}],"version-history":[{"count":2,"href":"https:\/\/www.heimatverein-hauenhorst.de\/index.php?rest_route=\/wp\/v2\/pages\/135\/revisions"}],"predecessor-version":[{"id":192,"href":"https:\/\/www.heimatverein-hauenhorst.de\/index.php?rest_route=\/wp\/v2\/pages\/135\/revisions\/192"}],"up":[{"embeddable":true,"href":"https:\/\/www.heimatverein-hauenhorst.de\/index.php?rest_route=\/wp\/v2\/pages\/73"}],"wp:attachment":[{"href":"https:\/\/www.heimatverein-hauenhorst.de\/index.php?rest_route=%2Fwp%2Fv2%2Fmedia&parent=135"}],"curies":[{"name":"wp","href":"https:\/\/api.w.org\/{rel}","templated":true}]}}